{"id":7516,"date":"2023-02-13T22:35:07","date_gmt":"2023-02-13T22:35:07","guid":{"rendered":"https:\/\/leroux.qodeinteractive.com\/?page_id=7516"},"modified":"2026-03-20T10:27:04","modified_gmt":"2026-03-20T10:27:04","slug":"sobre-nosotros","status":"publish","type":"page","link":"https:\/\/wingstosell.com\/eng\/sobre-nosotros\/","title":{"rendered":"About us"},"content":{"rendered":"<div data-elementor-type=\"wp-page\" data-elementor-id=\"7516\" class=\"elementor elementor-7516\">\n\t\t\t\t\t\t<section class=\"elementor-section elementor-top-section elementor-element elementor-element-418c0cf elementor-section-full_width elementor-reverse-mobile elementor-section-height-default elementor-section-height-default\" data-id=\"418c0cf\" data-element_type=\"section\" data-settings=\"{&quot;background_background&quot;:&quot;classic&quot;}\">\n\t\t\t\t\t\t\t<div class=\"elementor-background-overlay\"><\/div>\n\t\t\t\t\t\t\t<div class=\"elementor-container elementor-column-gap-no\">\n\t\t\t\t\t<div class=\"elementor-column elementor-col-100 elementor-top-column elementor-element elementor-element-b63dc00\" data-id=\"b63dc00\" data-element_type=\"column\">\n\t\t\t<div class=\"elementor-widget-wrap elementor-element-populated\">\n\t\t\t\t\t\t<div class=\"elementor-element elementor-element-5098425 elementor-widget elementor-widget-spacer\" data-id=\"5098425\" data-element_type=\"widget\" data-widget_type=\"spacer.default\">\n\t\t\t\t\t\t\t<div class=\"elementor-spacer\">\n\t\t\t<div class=\"elementor-spacer-inner\"><\/div>\n\t\t<\/div>\n\t\t\t\t\t\t<\/div>\n\t\t\t\t\t<\/div>\n\t\t<\/div>\n\t\t\t\t\t<\/div>\n\t\t<\/section>\n\t\t\t\t<section class=\"elementor-section elementor-top-section elementor-element elementor-element-e852c70 elementor-section-full_width elementor-section-height-default elementor-section-height-default\" data-id=\"e852c70\" data-element_type=\"section\" data-settings=\"{&quot;background_background&quot;:&quot;gradient&quot;}\">\n\t\t\t\t\t\t<div class=\"elementor-container elementor-column-gap-default\">\n\t\t\t\t\t<div class=\"elementor-column elementor-col-100 elementor-top-column elementor-element elementor-element-f0f69d7\" data-id=\"f0f69d7\" data-element_type=\"column\">\n\t\t\t<div class=\"elementor-widget-wrap elementor-element-populated\">\n\t\t\t\t\t\t<section class=\"elementor-section elementor-inner-section elementor-element elementor-element-6941a00 elementor-section-full_width elementor-section-height-default elementor-section-height-default\" data-id=\"6941a00\" data-element_type=\"section\">\n\t\t\t\t\t\t<div class=\"elementor-container elementor-column-gap-no\">\n\t\t\t\t\t<div class=\"elementor-column elementor-col-50 elementor-inner-column elementor-element elementor-element-3cc7d5a\" data-id=\"3cc7d5a\" data-element_type=\"column\">\n\t\t\t<div class=\"elementor-widget-wrap elementor-element-populated\">\n\t\t\t\t\t\t<div class=\"elementor-element elementor-element-5c438b4 elementor-widget elementor-widget-leroux_core_section_title\" data-id=\"5c438b4\" data-element_type=\"widget\" data-widget_type=\"leroux_core_section_title.default\">\n\t\t\t\t<div class=\"elementor-widget-container\">\n\t\t\t\t\t<div class=\"qodef-shortcode qodef-m texttitleh1 qodef-section-title qodef-alignment--left\">\n\t\t<h1 class=\"qodef-m-title\" >\n\t\t\t\t\tAbout us\t\t\t<\/h1>\n\t<\/div>\n\t\t\t\t<\/div>\n\t\t\t\t<\/div>\n\t\t\t\t<div class=\"elementor-element elementor-element-8e164c4 elementor-widget elementor-widget-text-editor\" data-id=\"8e164c4\" data-element_type=\"widget\" data-widget_type=\"text-editor.default\">\n\t\t\t\t\t\t\t\t\t<p><span style=\"font-weight: 400;\">WINGSTOSELL, Amazing projects, is a business consulting company focused on international trade, founded and directed by Marina Ray\u00f3n, specialist in the export sector since 2005.<\/span><\/p>\t\t\t\t\t\t\t\t<\/div>\n\t\t\t\t\t<\/div>\n\t\t<\/div>\n\t\t\t\t<div class=\"elementor-column elementor-col-50 elementor-inner-column elementor-element elementor-element-7953840\" data-id=\"7953840\" data-element_type=\"column\">\n\t\t\t<div class=\"elementor-widget-wrap\">\n\t\t\t\t\t\t\t<\/div>\n\t\t<\/div>\n\t\t\t\t\t<\/div>\n\t\t<\/section>\n\t\t\t\t<div class=\"elementor-element elementor-element-80b4033 elementor-widget elementor-widget-leroux_core_advanced_image_slider\" data-id=\"80b4033\" data-element_type=\"widget\" data-widget_type=\"leroux_core_advanced_image_slider.default\">\n\t\t\t\t<div class=\"elementor-widget-container\">\n\t\t\t\t\t<div class=\"qodef-shortcode qodef-m qodef-advanced-image-slider qodef-swiper-container\" data-options=\"{&quot;loop&quot;:true,&quot;autoplay&quot;:true,&quot;speed&quot;:&quot;&quot;,&quot;speedAnimation&quot;:&quot;&quot;,&quot;centeredSlides&quot;:true,&quot;slidesPerView&quot;:1.728}\">\n\t<div class=\"swiper-wrapper\">\n\t\t<div class=\"qodef-e qodef-ais-image-wrapper swiper-slide\">\n\t<div class=\"qodef-ais-image-wrapper-inner\">\n\t\t\t\t\t\t<img fetchpriority=\"high\" decoding=\"async\" src=\"https:\/\/wingstosell.com\/wp-content\/uploads\/2025\/07\/DSC_8411-1000x800.jpg\" alt=\"\" width=\"1000\" height=\"800\" data-ratio=\"1.25\" \/>\t\t\t\t\t<\/div>\n<\/div>\n<div class=\"qodef-e qodef-ais-image-wrapper swiper-slide\">\n\t<div class=\"qodef-ais-image-wrapper-inner\">\n\t\t\t\t\t\t<img decoding=\"async\" src=\"https:\/\/wingstosell.com\/wp-content\/uploads\/2025\/08\/IMG_0412-scaled-1000x800.jpg\" alt=\"\" width=\"1000\" height=\"800\" data-ratio=\"1.25\" \/>\t\t\t\t\t<\/div>\n<\/div>\n<div class=\"qodef-e qodef-ais-image-wrapper swiper-slide\">\n\t<div class=\"qodef-ais-image-wrapper-inner\">\n\t\t\t\t\t\t<img decoding=\"async\" src=\"https:\/\/wingstosell.com\/wp-content\/uploads\/2025\/07\/IMG_3100-scaled-1000x800.jpeg\" alt=\"\" width=\"1000\" height=\"800\" data-ratio=\"1.25\" \/>\t\t\t\t\t<\/div>\n<\/div>\n<div class=\"qodef-e qodef-ais-image-wrapper swiper-slide\">\n\t<div class=\"qodef-ais-image-wrapper-inner\">\n\t\t\t\t\t\t<img loading=\"lazy\" decoding=\"async\" src=\"https:\/\/wingstosell.com\/wp-content\/uploads\/2025\/07\/IMG_7272-scaled-1000x800.jpg\" alt=\"\" width=\"1000\" height=\"800\" data-ratio=\"1.25\" \/>\t\t\t\t\t<\/div>\n<\/div>\n<div class=\"qodef-e qodef-ais-image-wrapper swiper-slide\">\n\t<div class=\"qodef-ais-image-wrapper-inner\">\n\t\t\t\t\t\t<img loading=\"lazy\" decoding=\"async\" src=\"https:\/\/wingstosell.com\/wp-content\/uploads\/2025\/08\/IMG_0416-scaled-1000x800.jpg\" alt=\"\" width=\"1000\" height=\"800\" data-ratio=\"1.25\" \/>\t\t\t\t\t<\/div>\n<\/div>\n\t<\/div>\n\t\t<div class=\"swiper-button-prev\"><svg class=\"qodef-svg--slider-arrow-left\" xmlns=\"http:\/\/www.w3.org\/2000\/svg\" width=\"32.113\" height=\"32.113\" viewbox=\"0 0 32.113 32.113\"><g><path d=\"M31.613 16.056H.50030163\"\/><path d=\"M16.18463714.81997019.8524408 16.15216652\"\/><path d=\"M16.18463714 31.48436286.8524408 16.15216652\"\/><\/g><g><path d=\"M31.613 16.056H.50030163\"\/><path d=\"M16.18463714.81997019.8524408 16.15216652\"\/><path d=\"M16.18463714 31.48436286.8524408 16.15216652\"\/><\/g><\/svg><\/div>\n\t<div class=\"swiper-button-next\"><svg class=\"qodef-svg--slider-arrow-right\" xmlns=\"http:\/\/www.w3.org\/2000\/svg\" width=\"32.113\" height=\"32.113\" viewbox=\"0 0 32.113 32.113\"><g><path d=\"M.49965081 16.05634919H31.6123492\"\/><path d=\"m15.92872078.82102648 15.33219634 15.33219634\"\/><path d=\"m15.92801367 31.48471204 15.33219634-15.33219633\"\/><\/g><g><path d=\"M.49965081 16.05634919H31.6123492\"\/><path d=\"m15.92872078.82102648 15.33219634 15.33219634\"\/><path d=\"m15.92801367 31.48471204 15.33219634-15.33219633\"\/><\/g><\/svg><\/div>\n\t<\/div>\n\t\t\t\t<\/div>\n\t\t\t\t<\/div>\n\t\t\t\t\t<\/div>\n\t\t<\/div>\n\t\t\t\t\t<\/div>\n\t\t<\/section>\n\t\t\t\t<section class=\"elementor-section elementor-top-section elementor-element elementor-element-02385d9 elementor-section-full_width elementor-section-height-default elementor-section-height-default\" data-id=\"02385d9\" data-element_type=\"section\" data-settings=\"{&quot;background_background&quot;:&quot;classic&quot;}\">\n\t\t\t\t\t\t<div class=\"elementor-container elementor-column-gap-default\">\n\t\t\t\t\t<div class=\"elementor-column elementor-col-50 elementor-top-column elementor-element elementor-element-175d68f\" data-id=\"175d68f\" data-element_type=\"column\">\n\t\t\t<div class=\"elementor-widget-wrap elementor-element-populated\">\n\t\t\t\t\t\t<div class=\"elementor-element elementor-element-c5d4a2c elementor-widget elementor-widget-leroux_core_section_title\" data-id=\"c5d4a2c\" data-element_type=\"widget\" data-widget_type=\"leroux_core_section_title.default\">\n\t\t\t\t<div class=\"elementor-widget-container\">\n\t\t\t\t\t<div class=\"qodef-shortcode qodef-m qodef-section-title qodef-alignment--left\">\n\t\t<h2 class=\"qodef-m-title\" style=\"color: #253034;--qodef-title-emphasized-words-color: #006861\">\n\t\t\t\t\tAbout<br \/> <span class=\"qodef-special-style\">Marina<\/span> <span class=\"qodef-special-style\">Ray\u00f3n<\/span>\t\t\t<\/h2>\n\t<\/div>\n\t\t\t\t<\/div>\n\t\t\t\t<\/div>\n\t\t\t\t<div class=\"elementor-element elementor-element-2deeb9e elementor-widget__width-initial elementor-widget elementor-widget-text-editor\" data-id=\"2deeb9e\" data-element_type=\"widget\" data-widget_type=\"text-editor.default\">\n\t\t\t\t\t\t\t\t\t<p><span style=\"font-weight: 400;\">I have a clear passion: listening to the needs of my clients and applying all my knowledge and efforts to help them create and manage their products so that they will be loved by their customers! Are you interested?<\/span><\/p><p><span style=\"font-weight: 400;\">As buyers, you need to receive a reliable and personalized management, adapted to your purchasing processes, your markets and businesses and that provides the greatest innovation not only in raw materials but also in packaging technology and a long etcetera. Below I summarize my experience and indicate how I can help you boost your business.<\/span><\/p>\t\t\t\t\t\t\t\t<\/div>\n\t\t\t\t<div class=\"elementor-element elementor-element-3b34b52 elementor-widget__width-initial elementor-hidden-mobile elementor-widget elementor-widget-qi_addons_for_elementor_parallax_images\" data-id=\"3b34b52\" data-element_type=\"widget\" data-widget_type=\"qi_addons_for_elementor_parallax_images.default\">\n\t\t\t\t<div class=\"elementor-widget-container\">\n\t\t\t\t\t<div class=\"qodef-shortcode qodef-m qodef-qi-parallax-images qodef-layout--default\">\n\t<div class=\"qodef-m-images\">\n\t\t<div class=\"qodef-e-main-image-holder\">\n\t\t\t<div class=\"qodef-e-main-image-zoom-holder\">\n\t\t\t\t\t\t\t\t\t<div class=\"qodef-e-main-image\" >\n\t\t\t\t\t\t<img loading=\"lazy\" decoding=\"async\" width=\"650\" height=\"650\" src=\"https:\/\/wingstosell.com\/wp-content\/uploads\/2025\/07\/DSC_8326-650x650.jpg\" class=\"attachment-qi_addons_for_elementor_image_size_square size-qi_addons_for_elementor_image_size_square\" alt=\"\" srcset=\"https:\/\/wingstosell.com\/wp-content\/uploads\/2025\/07\/DSC_8326-650x650.jpg 650w, https:\/\/wingstosell.com\/wp-content\/uploads\/2025\/07\/DSC_8326-150x150.jpg 150w, https:\/\/wingstosell.com\/wp-content\/uploads\/2025\/07\/DSC_8326-1300x1300.jpg 1300w, https:\/\/wingstosell.com\/wp-content\/uploads\/2025\/07\/DSC_8326-300x300.jpg 300w, https:\/\/wingstosell.com\/wp-content\/uploads\/2025\/07\/DSC_8326-100x100.jpg 100w\" sizes=\"(max-width: 650px) 100vw, 650px\" \/>\t\t\t\t\t<\/div>\n\t\t\t\t\t\t\t<\/div>\n\t\t<\/div>\n\t\t\t\t\t\t\t\t\t\t\t\t\t<div class=\"qodef-e-parallax-image qodef-position--bottom-right elementor-repeater-item-f41006c\" data-parallax=\"parallax-disabled\">\n\t\t\t\t\t<img loading=\"lazy\" decoding=\"async\" width=\"300\" height=\"142\" src=\"https:\/\/wingstosell.com\/wp-content\/uploads\/2025\/07\/IMG_6962-300x142.jpeg\" class=\"attachment-medium size-medium\" alt=\"\" srcset=\"https:\/\/wingstosell.com\/wp-content\/uploads\/2025\/07\/IMG_6962-300x142.jpeg 300w, https:\/\/wingstosell.com\/wp-content\/uploads\/2025\/07\/IMG_6962-600x284.jpeg 600w, https:\/\/wingstosell.com\/wp-content\/uploads\/2025\/07\/IMG_6962.jpeg 740w\" sizes=\"(max-width: 300px) 100vw, 300px\" \/>\t\t\t\t<\/div>\n\t\t\t\t\t\t<\/div>\n<\/div>\n\t\t\t\t<\/div>\n\t\t\t\t<\/div>\n\t\t\t\t\t<\/div>\n\t\t<\/div>\n\t\t\t\t<div class=\"elementor-column elementor-col-50 elementor-top-column elementor-element elementor-element-a1ebe24\" data-id=\"a1ebe24\" data-element_type=\"column\" data-settings=\"{&quot;background_background&quot;:&quot;classic&quot;}\">\n\t\t\t<div class=\"elementor-widget-wrap elementor-element-populated\">\n\t\t\t\t\t\t<div class=\"elementor-element elementor-element-f5d8116 elementor-widget__width-initial elementor-widget elementor-widget-leroux_core_vertical_timeline\" data-id=\"f5d8116\" data-element_type=\"widget\" data-widget_type=\"leroux_core_vertical_timeline.default\">\n\t\t\t\t<div class=\"elementor-widget-container\">\n\t\t\t\t\t<div class=\"qodef-shortcode qodef-m textbloquetimeline qodef-vertical-timeline qodef-layout--standard\">\n\t<div class=\"qodef-m-inner\">\n\t\t\t\t\t\t<div class=\"qodef-m-timeline-item\">\n\t\t\t\t\t<div class=\"qodef-m-left\">\n\t\t\t\t\t\t<h6 class=\"qodef-m-left-title\">\n\t\t\t\t\t\t\tStart\t\t\t\t\t\t<\/h6>\n\t\t\t\t\t\t<p class=\"qodef-m-left-subtitle\">\n\t\t\t\t\t\t\t2005\u20132015 \t\t\t\t\t\t<\/p>\n\t\t\t\t\t<\/div>\n\t\t\t\t\t<div class=\"qodef-m-center\">\n\t\t\t\t\t\t<span class=\"qodef-m-dot\"><\/span>\n\t\t\t\t\t\t<span class=\"qodef-m-line\"><\/span>\n\t\t\t\t\t<\/div>\n\t\t\t\t\t<div class=\"qodef-m-right\">\n\t\t\t\t\t\t<h4 class=\"qodef-m-right-title\">\n\t\t\t\t\t\t\tFundamentals of international trade\t\t\t\t\t\t<\/h4>\n\t\t\t\t\t\t<p class=\"qodef-m-right-text\">\n\t\t\t\t\t\t\tI began my professional career in 2005 in the international trade sector, specializing in exports, with a particular focus on the food and beverage sector. During this decade, I gained solid practical experience, working with companies in the sector and developing key skills in international negotiations and sales. At the same time, I studied and lived in various countries such as the United States, Mexico, China, Ireland, the United Kingdom, Italy, and France. This stage was key not only for the technical learning but also for the cultural openness that allowed me to understand markets from a global and human perspective.\t\t\t\t\t\t<\/p>\n\t\t\t\t\t<\/div>\n\t\t\t\t<\/div>\n\t\t\t\t\t\t\t<div class=\"qodef-m-timeline-item\">\n\t\t\t\t\t<div class=\"qodef-m-left\">\n\t\t\t\t\t\t<h6 class=\"qodef-m-left-title\">\n\t\t\t\t\t\t\tTrajectory\t\t\t\t\t\t<\/h6>\n\t\t\t\t\t\t<p class=\"qodef-m-left-subtitle\">\n\t\t\t\t\t\t\t2016\u20132021\t\t\t\t\t\t<\/p>\n\t\t\t\t\t<\/div>\n\t\t\t\t\t<div class=\"qodef-m-center\">\n\t\t\t\t\t\t<span class=\"qodef-m-dot\"><\/span>\n\t\t\t\t\t\t<span class=\"qodef-m-line\"><\/span>\n\t\t\t\t\t<\/div>\n\t\t\t\t\t<div class=\"qodef-m-right\">\n\t\t\t\t\t\t<h4 class=\"qodef-m-right-title\">\n\t\t\t\t\t\t\tProfessional consolidation and multidisciplinary vision\t\t\t\t\t\t<\/h4>\n\t\t\t\t\t\t<p class=\"qodef-m-right-text\">\n\t\t\t\t\t\t\tDuring these years, my career diversified, working as a freelancer, for SMEs, and for multinationals. This variety gave me a broad and flexible perspective on how businesses operate in different contexts. I established myself as an expert consultant in export strategies, international marketing, and business development for companies in the agri-food sector, especially coffee. I also delved deeper into the analysis of consumer behavior in channels such as Retail and Foodservice, acquiring a multidisciplinary approach that I now apply to each project. This stage strengthened my ability to lead commercial projects at different levels, with a strategic and adaptive approach.\t\t\t\t\t\t<\/p>\n\t\t\t\t\t<\/div>\n\t\t\t\t<\/div>\n\t\t\t\t\t\t\t<div class=\"qodef-m-timeline-item\">\n\t\t\t\t\t<div class=\"qodef-m-left\">\n\t\t\t\t\t\t<h6 class=\"qodef-m-left-title\">\n\t\t\t\t\t\t\tGrowth\t\t\t\t\t\t<\/h6>\n\t\t\t\t\t\t<p class=\"qodef-m-left-subtitle\">\n\t\t\t\t\t\t\t2022-Present\t\t\t\t\t\t<\/p>\n\t\t\t\t\t<\/div>\n\t\t\t\t\t<div class=\"qodef-m-center\">\n\t\t\t\t\t\t<span class=\"qodef-m-dot\"><\/span>\n\t\t\t\t\t\t<span class=\"qodef-m-line\"><\/span>\n\t\t\t\t\t<\/div>\n\t\t\t\t\t<div class=\"qodef-m-right\">\n\t\t\t\t\t\t<h4 class=\"qodef-m-right-title\">\n\t\t\t\t\t\t\tCreation of WINGSTOSELL and international projection\t\t\t\t\t\t<\/h4>\n\t\t\t\t\t\t<p class=\"qodef-m-right-text\">\n\t\t\t\t\t\t\tIn 2022, I founded WINGSTOSELL | Amazing Projects, a consulting firm focused on international business, commercial expansion, and investment attraction. This project was born as a result of all my accumulated experience and with a clear mission: to support companies in their growth, export, and global positioning processes. Over the years, I have paid special attention to online consumer behavior, exploring new opportunities in e-commerce and digital markets. Today, I apply all this knowledge to benefit my clients, offering strategic and operational solutions to help their businesses grow beyond their borders.\t\t\t\t\t\t<\/p>\n\t\t\t\t\t<\/div>\n\t\t\t\t<\/div>\n\t\t\t\t<\/div>\n    <\/div>\n\t\t\t\t<\/div>\n\t\t\t\t<\/div>\n\t\t\t\t\t<\/div>\n\t\t<\/div>\n\t\t\t\t\t<\/div>\n\t\t<\/section>\n\t\t\t\t<\/div>","protected":false},"excerpt":{"rendered":"<p>Sobre nosotros WINGSTOSELL \u2013 Amazing projects, es una consultor\u00eda especializada en negocios internacionales, fundada y dirigida por Marina Ray\u00f3n especialista en el sector de la exportaci\u00f3n desde el a\u00f1o 2005. Conoce a Marina Ray\u00f3n Tengo una clara pasi\u00f3n: escuchar las necesidades de mis clientes y aplicar todo mi conocimiento y esfuerzo para ayudarlos a crear [&hellip;]<\/p>","protected":false},"author":1,"featured_media":0,"parent":0,"menu_order":0,"comment_status":"closed","ping_status":"closed","template":"page-full-width.php","meta":{"_joinchat":[],"footnotes":""},"class_list":["post-7516","page","type-page","status-publish","hentry"],"_links":{"self":[{"href":"https:\/\/wingstosell.com\/eng\/wp-json\/wp\/v2\/pages\/7516","targetHints":{"allow":["GET"]}}],"collection":[{"href":"https:\/\/wingstosell.com\/eng\/wp-json\/wp\/v2\/pages"}],"about":[{"href":"https:\/\/wingstosell.com\/eng\/wp-json\/wp\/v2\/types\/page"}],"author":[{"embeddable":true,"href":"https:\/\/wingstosell.com\/eng\/wp-json\/wp\/v2\/users\/1"}],"replies":[{"embeddable":true,"href":"https:\/\/wingstosell.com\/eng\/wp-json\/wp\/v2\/comments?post=7516"}],"version-history":[{"count":104,"href":"https:\/\/wingstosell.com\/eng\/wp-json\/wp\/v2\/pages\/7516\/revisions"}],"predecessor-version":[{"id":12915,"href":"https:\/\/wingstosell.com\/eng\/wp-json\/wp\/v2\/pages\/7516\/revisions\/12915"}],"wp:attachment":[{"href":"https:\/\/wingstosell.com\/eng\/wp-json\/wp\/v2\/media?parent=7516"}],"curies":[{"name":"wp","href":"https:\/\/api.w.org\/{rel}","templated":true}]}}