{"id":6731,"date":"2023-02-10T02:02:07","date_gmt":"2023-02-10T02:02:07","guid":{"rendered":"https:\/\/leroux.qodeinteractive.com\/?page_id=6731"},"modified":"2025-08-21T06:44:07","modified_gmt":"2025-08-21T06:44:07","slug":"aviso-legal","status":"publish","type":"page","link":"https:\/\/wingstosell.com\/eng\/aviso-legal\/","title":{"rendered":"Legal note"},"content":{"rendered":"<div data-elementor-type=\"wp-page\" data-elementor-id=\"6731\" class=\"elementor elementor-6731\">\n\t\t\t\t\t\t<section class=\"elementor-section elementor-top-section elementor-element elementor-element-4c70a83 elementor-section-full_width elementor-section-height-default elementor-section-height-default\" data-id=\"4c70a83\" data-element_type=\"section\">\n\t\t\t\t\t\t<div class=\"elementor-container elementor-column-gap-no\">\n\t\t\t\t\t<div class=\"elementor-column elementor-col-50 elementor-top-column elementor-element elementor-element-6e779fc\" data-id=\"6e779fc\" data-element_type=\"column\">\n\t\t\t<div class=\"elementor-widget-wrap elementor-element-populated\">\n\t\t\t\t\t\t<div class=\"elementor-element elementor-element-eb7b0dc elementor-widget elementor-widget-leroux_core_section_title\" data-id=\"eb7b0dc\" data-element_type=\"widget\" data-widget_type=\"leroux_core_section_title.default\">\n\t\t\t\t<div class=\"elementor-widget-container\">\n\t\t\t\t\t<div class=\"qodef-shortcode qodef-m qodef-section-title qodef-alignment--left qodef-title-break--disabled\">\n\t\t<h1 class=\"qodef-m-title\" style=\"color: #FFFFFF\">\n\t\t\t\t\tLegal note\t\t\t<\/h1>\n\t<\/div>\n\t\t\t\t<\/div>\n\t\t\t\t<\/div>\n\t\t\t\t<div class=\"elementor-element elementor-element-0f2aab3 elementor-widget__width-initial elementor-widget elementor-widget-text-editor\" data-id=\"0f2aab3\" data-element_type=\"widget\" data-widget_type=\"text-editor.default\">\n\t\t\t\t\t\t\t\t\t<h4 style=\"color: #ffffff;\">Datos Identificativos<\/h4><ul><li style=\"font-weight: 400;\" aria-level=\"1\"><span style=\"font-weight: 400;\">Profesional: Marina Ray\u00f3n<\/span><\/li><li style=\"font-weight: 400;\" aria-level=\"1\"><span style=\"font-weight: 400;\">Nombre comercial: WINGSTOSELL<\/span><\/li><li style=\"font-weight: 400;\" aria-level=\"1\"><span style=\"font-weight: 400;\">NIF: 71658752K<\/span><\/li><li style=\"font-weight: 400;\" aria-level=\"1\"><span style=\"font-weight: 400;\">Direcci\u00f3n: Jardines de Valdemora 38. 33195, Oviedo, Asturias<\/span><\/li><li style=\"font-weight: 400;\" aria-level=\"1\"><span style=\"font-weight: 400;\">E-mail: <\/span><span style=\"font-weight: 400;\">marina.rayon@wingstosell.com<\/span><span style=\"font-weight: 400;\">\u00a0<\/span><\/li><\/ul><h4 style=\"color: #ffffff;\">Objeto<\/h4><p><span style=\"font-weight: 400;\">A trav\u00e9s del Sitio Web <\/span><a href=\"https:\/\/wingstosell.com\/eng\/\"><span style=\"font-weight: 400;\">www.wingstosell.com<\/span><\/a><span style=\"font-weight: 400;\">, les ofrecemos a los Usuarios la posibilidad de acceder a la informaci\u00f3n sobre nuestros servicios.<\/span><\/p><h4 style=\"color: #ffffff;\">Responsabilidad Legal<\/h4><p><span style=\"font-weight: 400;\">Con los l\u00edmites establecidos en la ley, www.wingstosell.com no asume ninguna responsabilidad derivada de la falta de veracidad, integridad, actualizaci\u00f3n y precisi\u00f3n de los datos o informaciones que se contienen en sus p\u00e1ginas de Internet.<\/span><\/p><p><span style=\"font-weight: 400;\">Los contenidos e informaci\u00f3n no vinculan a www.wingstosell.com ni constituyen opiniones, consejos o asesoramiento legal de ning\u00fan tipo pues se trata meramente de un servicio ofrecido con car\u00e1cter informativo y divulgativo.<\/span><\/p><p><span style=\"font-weight: 400;\">Las p\u00e1ginas de Internet de www.wingstosell.com pueden contener enlaces (links) a otras p\u00e1ginas de terceras partes que www.protecciondatos-lopd.com no puede controlar. Por lo tanto, www.wingstosell.com no puede asumir responsabilidades por el contenido que pueda aparecer en p\u00e1ginas de terceros.<\/span><\/p><p><span style=\"font-weight: 400;\">Los textos, im\u00e1genes, sonidos, animaciones, software y el resto de contenidos incluidos en este website son propiedad exclusiva de www.wingstosell.com o sus licenciantes. Cualquier acto de transmisi\u00f3n, distribuci\u00f3n, cesi\u00f3n, reproducci\u00f3n, almacenamiento o comunicaci\u00f3n p\u00fablica total o parcial, debe contar con el consentimiento expreso de www.wingstosell.com.<\/span><\/p><p><span style=\"font-weight: 400;\">Asimismo, para acceder a algunos de los servicios que www.wingstosell.com ofrece a trav\u00e9s del website deber\u00e1 proporcionar algunos datos de car\u00e1cter personal. En cumplimiento de lo establecido en el Reglamento(UE) 2016\/679 del Parlamento Europeo y del Consejo, de 27 de abril de 2016, relativo a la protecci\u00f3n de las personas f\u00edsicas en lo que respecta al tratamiento de datos personales y a la libre circulaci\u00f3n de estos datos le informamos que, mediante la cumplimentaci\u00f3n de los presentes formularios, sus datos personales quedar\u00e1n incorporados y ser\u00e1n tratados en los ficheros de WINGSTOSELL con el fin de poderle prestar y ofrecer nuestros servicios as\u00ed como para informarle de las mejoras del sitio Web. Asimismo, le informamos de la posibilidad de que ejerza los derechos de acceso, rectificaci\u00f3n, cancelaci\u00f3n y oposici\u00f3n de sus datos de car\u00e1cter personal, manera gratuita mediante email a <\/span><a href=\"mailto:marina.rayon@wingstosell.com\"><span style=\"font-weight: 400;\">marina.rayon@wingstosell.com<\/span><\/a><\/p>\t\t\t\t\t\t\t\t<\/div>\n\t\t\t\t\t<\/div>\n\t\t<\/div>\n\t\t\t\t<div class=\"elementor-column elementor-col-50 elementor-top-column elementor-element elementor-element-437301e\" data-id=\"437301e\" data-element_type=\"column\" data-settings=\"{&quot;background_background&quot;:&quot;classic&quot;}\">\n\t\t\t<div class=\"elementor-widget-wrap elementor-element-populated\">\n\t\t\t\t\t\t<div class=\"elementor-element elementor-element-cdc6e26 elementor-widget elementor-widget-leroux_core_google_map\" data-id=\"cdc6e26\" data-element_type=\"widget\" data-widget_type=\"leroux_core_google_map.default\">\n\t\t\t\t<div class=\"elementor-widget-container\">\n\t\t\t\t\t<div class=\"qodef-shortcode qodef-m qodef-google-map\">\n\t<div class=\"qodef-m-map\" id=\"qodef-map-id--202\" data-addresses='[\"223 Store Hill Rd, Old Westbury, NY 11568, United States\"]' data-pin=\"https:\/\/wingstosell.com\/wp-content\/uploads\/2023\/05\/pin.png\" data-unique-id=\"202\" data-height=\"582\"><\/div>\n<\/div>\n\t\t\t\t<\/div>\n\t\t\t\t<\/div>\n\t\t\t\t\t<\/div>\n\t\t<\/div>\n\t\t\t\t\t<\/div>\n\t\t<\/section>\n\t\t\t\t<\/div>","protected":false},"excerpt":{"rendered":"<p>Aviso legal Datos Identificativos Profesional: Marina Ray\u00f3n Nombre comercial: WINGSTOSELL NIF: 71658752K Direcci\u00f3n: Jardines de Valdemora 38. 33195, Oviedo, Asturias E-mail: marina.rayon@wingstosell.com\u00a0 Objeto A trav\u00e9s del Sitio Web www.wingstosell.com, les ofrecemos a los Usuarios la posibilidad de acceder a la informaci\u00f3n sobre nuestros servicios. Responsabilidad Legal Con los l\u00edmites establecidos en la ley, www.wingstosell.com no [&hellip;]<\/p>","protected":false},"author":1,"featured_media":0,"parent":0,"menu_order":0,"comment_status":"closed","ping_status":"closed","template":"page-full-width.php","meta":{"_joinchat":[],"footnotes":""},"class_list":["post-6731","page","type-page","status-publish","hentry"],"_links":{"self":[{"href":"https:\/\/wingstosell.com\/eng\/wp-json\/wp\/v2\/pages\/6731","targetHints":{"allow":["GET"]}}],"collection":[{"href":"https:\/\/wingstosell.com\/eng\/wp-json\/wp\/v2\/pages"}],"about":[{"href":"https:\/\/wingstosell.com\/eng\/wp-json\/wp\/v2\/types\/page"}],"author":[{"embeddable":true,"href":"https:\/\/wingstosell.com\/eng\/wp-json\/wp\/v2\/users\/1"}],"replies":[{"embeddable":true,"href":"https:\/\/wingstosell.com\/eng\/wp-json\/wp\/v2\/comments?post=6731"}],"version-history":[{"count":11,"href":"https:\/\/wingstosell.com\/eng\/wp-json\/wp\/v2\/pages\/6731\/revisions"}],"predecessor-version":[{"id":12697,"href":"https:\/\/wingstosell.com\/eng\/wp-json\/wp\/v2\/pages\/6731\/revisions\/12697"}],"wp:attachment":[{"href":"https:\/\/wingstosell.com\/eng\/wp-json\/wp\/v2\/media?parent=6731"}],"curies":[{"name":"wp","href":"https:\/\/api.w.org\/{rel}","templated":true}]}}