{"id":3327,"date":"2023-01-27T12:24:20","date_gmt":"2023-01-27T12:24:20","guid":{"rendered":"https:\/\/leroux.qodeinteractive.com\/?page_id=3327"},"modified":"2026-03-20T10:36:58","modified_gmt":"2026-03-20T10:36:58","slug":"servicios","status":"publish","type":"page","link":"https:\/\/wingstosell.com\/eng\/servicios\/","title":{"rendered":"Services"},"content":{"rendered":"<div data-elementor-type=\"wp-page\" data-elementor-id=\"3327\" class=\"elementor elementor-3327\">\n\t\t\t\t\t\t<section class=\"elementor-section elementor-top-section elementor-element elementor-element-22fc509 elementor-section-full_width elementor-section-height-default elementor-section-height-default\" data-id=\"22fc509\" data-element_type=\"section\">\n\t\t\t\t\t\t<div class=\"elementor-container elementor-column-gap-no\">\n\t\t\t\t\t<div class=\"elementor-column elementor-col-100 elementor-top-column elementor-element elementor-element-0101cf2 boxslider\" data-id=\"0101cf2\" data-element_type=\"column\">\n\t\t\t<div class=\"elementor-widget-wrap elementor-element-populated\">\n\t\t\t\t\t\t<div class=\"elementor-element elementor-element-e26ab72 elementor-widget elementor-widget-leroux_core_interactive_banners\" data-id=\"e26ab72\" data-element_type=\"widget\" data-widget_type=\"leroux_core_interactive_banners.default\">\n\t\t\t\t<div class=\"elementor-widget-container\">\n\t\t\t\t\t\n<div class=\"qodef-interactive-banners qodef-shortcode qodef-m   qodef-interactive-banners-five\">\n\t<div class=\"qodef-ib-images-holder\">\n\t\t\t\t\t<div class=\"qodef-ib-image-holder qodef-active qodef--image-type\" style=\"background-image: url(https:\/\/wingstosell.com\/wp-content\/uploads\/2025\/08\/IMG_1154-1-scaled.jpeg)\" data-index=\"0\">\n\t\t\t\t\t\t\t<\/div>\n\t\t\t\t\t\t\t\t\t\t\t<div class=\"qodef-ib-image-holder qodef--image-type\" style=\"background-image: url(https:\/\/wingstosell.com\/wp-content\/uploads\/2025\/07\/DD30B86F-9DB2-41DE-8B60-F79BE41E7336-scaled.jpg)\" data-index=\"1\">\n\t\t\t\t\t\t\t<\/div>\n\t\t\t\t\t\t\t\t\t\t\t<div class=\"qodef-ib-image-holder qodef--image-type\" style=\"background-image: url(https:\/\/wingstosell.com\/wp-content\/uploads\/2025\/08\/image_f4f8b776-0175-4cea-8349-c5d28f1dad0220230330_132932-1.jpg)\" data-index=\"2\">\n\t\t\t\t\t\t\t<\/div>\n\t\t\t\t\t\t\t\t\t\t\t<div class=\"qodef-ib-image-holder qodef--image-type\" style=\"background-image: url(https:\/\/wingstosell.com\/wp-content\/uploads\/2025\/07\/IMG_2261-scaled.jpeg)\" data-index=\"3\">\n\t\t\t\t\t\t\t<\/div>\n\t\t\t\t\t\t\t\t\t\t\t<div class=\"qodef-ib-image-holder qodef--image-type\" style=\"background-image: url(https:\/\/wingstosell.com\/wp-content\/uploads\/2025\/07\/IMG_6487-scaled.jpg)\" data-index=\"4\">\n\t\t\t\t\t\t\t<\/div>\n\t\t\t\t\t\t\t<\/div>\n\t<div class=\"qodef-ib-content-holder\">\n\t\t\t\t\t<div class=\"qodef-ib-item qodef-active\" data-index=\"0\">\n\t\t\t\t<div class=\"qodef-ib-image-holder-responsive\" style=\"background-image: url(https:\/\/wingstosell.com\/wp-content\/uploads\/2025\/08\/IMG_1154-1-scaled.jpeg)\">\n\t\t\t\t\t\t\t\t\t<\/div>\n\t\t\t\t<span class=\"qodef-ib-item-tag\">1 \/ SERVICES<\/span>\n\t\t\t\t<div class=\"qodef-ib-item-inner\">\n\t\t\t\t\t<div class=\"qodef-ib-item-title\">\n\t\t\t\t\t\t<h3> Project manager <\/h3>\n\t\t\t\t\t<\/div>\n\t\t\t\t\t<div class=\"qodef-ib-item-subtitle\">\n\t\t\t\t\t\t<p> We manage and coordinate projects to meet the required objectives. <\/p>\n\t\t\t\t\t<\/div>\n\t\t\t\t\t\t\t\t\t\t\t<div class=\"qodef-ib-item-btn-holder\">\n\t\t\t\t\t\t\t<a class=\"qodef-shortcode qodef-m qodef-button qodef-layout--filled qodef-background--blur qodef-html--link\" href=\"https:\/\/wingstosell.com\/eng\/project-manager\/\" target=\"_self\"  >    <span class=\"qodef-m-text\">More<\/span>    <span class=\"qodef-m-arrow\"><svg class=\"qodef-svg--button-arrow\" xmlns=\"http:\/\/www.w3.org\/2000\/svg\" width=\"10\" height=\"10\" viewbox=\"0 0 9.8 9.8\"><g><path d=\"m.4 9.4 9-9\"\/><path d=\"M.4.5h8.9\"\/><path d=\"M9.3 9.4V.5\"\/><\/g><g><path d=\"m.4 9.4 9-9\"\/><path d=\"M.4.5h8.9\"\/><path d=\"M9.3 9.4V.5\"\/><\/g><\/svg><\/span><\/a>\t\t\t\t\t\t<\/div>\n\t\t\t\t\t\t\t\t\t<\/div>\n\t\t\t<\/div>\n\t\t\t\t\t\t\t\t\t\t\t<div class=\"qodef-ib-item\" data-index=\"1\">\n\t\t\t\t<div class=\"qodef-ib-image-holder-responsive\" style=\"background-image: url(https:\/\/wingstosell.com\/wp-content\/uploads\/2025\/07\/DD30B86F-9DB2-41DE-8B60-F79BE41E7336-scaled.jpg)\">\n\t\t\t\t\t\t\t\t\t<\/div>\n\t\t\t\t<span class=\"qodef-ib-item-tag\">2 \/ SERVICES<\/span>\n\t\t\t\t<div class=\"qodef-ib-item-inner\">\n\t\t\t\t\t<div class=\"qodef-ib-item-title\">\n\t\t\t\t\t\t<h3> Language assistance provider <\/h3>\n\t\t\t\t\t<\/div>\n\t\t\t\t\t<div class=\"qodef-ib-item-subtitle\">\n\t\t\t\t\t\t<p> Language liaison services for translation and interpretation. <\/p>\n\t\t\t\t\t<\/div>\n\t\t\t\t\t\t\t\t\t\t\t<div class=\"qodef-ib-item-btn-holder\">\n\t\t\t\t\t\t\t<a class=\"qodef-shortcode qodef-m qodef-button qodef-layout--filled qodef-background--blur qodef-html--link\" href=\"https:\/\/wingstosell.com\/eng\/traduccion-interpretacion\/\" target=\"_self\"  >    <span class=\"qodef-m-text\">More<\/span>    <span class=\"qodef-m-arrow\"><svg class=\"qodef-svg--button-arrow\" xmlns=\"http:\/\/www.w3.org\/2000\/svg\" width=\"10\" height=\"10\" viewbox=\"0 0 9.8 9.8\"><g><path d=\"m.4 9.4 9-9\"\/><path d=\"M.4.5h8.9\"\/><path d=\"M9.3 9.4V.5\"\/><\/g><g><path d=\"m.4 9.4 9-9\"\/><path d=\"M.4.5h8.9\"\/><path d=\"M9.3 9.4V.5\"\/><\/g><\/svg><\/span><\/a>\t\t\t\t\t\t<\/div>\n\t\t\t\t\t\t\t\t\t<\/div>\n\t\t\t<\/div>\n\t\t\t\t\t\t\t\t\t\t\t<div class=\"qodef-ib-item\" data-index=\"2\">\n\t\t\t\t<div class=\"qodef-ib-image-holder-responsive\" style=\"background-image: url(https:\/\/wingstosell.com\/wp-content\/uploads\/2025\/08\/image_f4f8b776-0175-4cea-8349-c5d28f1dad0220230330_132932-1.jpg)\">\n\t\t\t\t\t\t\t\t\t<\/div>\n\t\t\t\t<span class=\"qodef-ib-item-tag\">3 \/ SERVICES<\/span>\n\t\t\t\t<div class=\"qodef-ib-item-inner\">\n\t\t\t\t\t<div class=\"qodef-ib-item-title\">\n\t\t\t\t\t\t<h3> Interim management <\/h3>\n\t\t\t\t\t<\/div>\n\t\t\t\t\t<div class=\"qodef-ib-item-subtitle\">\n\t\t\t\t\t\t<p> Do you need someone to literally enter into your company and implement a change? <\/p>\n\t\t\t\t\t<\/div>\n\t\t\t\t\t\t\t\t\t\t\t<div class=\"qodef-ib-item-btn-holder\">\n\t\t\t\t\t\t\t<a class=\"qodef-shortcode qodef-m qodef-button qodef-layout--filled qodef-background--blur qodef-html--link\" href=\"https:\/\/wingstosell.com\/eng\/interim-management\/\" target=\"_self\"  >    <span class=\"qodef-m-text\">More<\/span>    <span class=\"qodef-m-arrow\"><svg class=\"qodef-svg--button-arrow\" xmlns=\"http:\/\/www.w3.org\/2000\/svg\" width=\"10\" height=\"10\" viewbox=\"0 0 9.8 9.8\"><g><path d=\"m.4 9.4 9-9\"\/><path d=\"M.4.5h8.9\"\/><path d=\"M9.3 9.4V.5\"\/><\/g><g><path d=\"m.4 9.4 9-9\"\/><path d=\"M.4.5h8.9\"\/><path d=\"M9.3 9.4V.5\"\/><\/g><\/svg><\/span><\/a>\t\t\t\t\t\t<\/div>\n\t\t\t\t\t\t\t\t\t<\/div>\n\t\t\t<\/div>\n\t\t\t\t\t\t\t\t\t\t\t<div class=\"qodef-ib-item\" data-index=\"3\">\n\t\t\t\t<div class=\"qodef-ib-image-holder-responsive\" style=\"background-image: url(https:\/\/wingstosell.com\/wp-content\/uploads\/2025\/07\/IMG_2261-scaled.jpeg)\">\n\t\t\t\t\t\t\t\t\t<\/div>\n\t\t\t\t<span class=\"qodef-ib-item-tag\">4 \/ SERVICES<\/span>\n\t\t\t\t<div class=\"qodef-ib-item-inner\">\n\t\t\t\t\t<div class=\"qodef-ib-item-title\">\n\t\t\t\t\t\t<h3> Trade fairs and events <\/h3>\n\t\t\t\t\t<\/div>\n\t\t\t\t\t<div class=\"qodef-ib-item-subtitle\">\n\t\t\t\t\t\t<p> Our main goal is to lead your company to success. <\/p>\n\t\t\t\t\t<\/div>\n\t\t\t\t\t\t\t\t\t\t\t<div class=\"qodef-ib-item-btn-holder\">\n\t\t\t\t\t\t\t<a class=\"qodef-shortcode qodef-m qodef-button qodef-layout--filled qodef-background--blur qodef-html--link\" href=\"https:\/\/wingstosell.com\/eng\/ferias-comerciales-eventos\/\" target=\"_self\"  >    <span class=\"qodef-m-text\">More<\/span>    <span class=\"qodef-m-arrow\"><svg class=\"qodef-svg--button-arrow\" xmlns=\"http:\/\/www.w3.org\/2000\/svg\" width=\"10\" height=\"10\" viewbox=\"0 0 9.8 9.8\"><g><path d=\"m.4 9.4 9-9\"\/><path d=\"M.4.5h8.9\"\/><path d=\"M9.3 9.4V.5\"\/><\/g><g><path d=\"m.4 9.4 9-9\"\/><path d=\"M.4.5h8.9\"\/><path d=\"M9.3 9.4V.5\"\/><\/g><\/svg><\/span><\/a>\t\t\t\t\t\t<\/div>\n\t\t\t\t\t\t\t\t\t<\/div>\n\t\t\t<\/div>\n\t\t\t\t\t\t\t\t\t\t\t<div class=\"qodef-ib-item\" data-index=\"4\">\n\t\t\t\t<div class=\"qodef-ib-image-holder-responsive\" style=\"background-image: url(https:\/\/wingstosell.com\/wp-content\/uploads\/2025\/07\/IMG_6487-scaled.jpg)\">\n\t\t\t\t\t\t\t\t\t<\/div>\n\t\t\t\t<span class=\"qodef-ib-item-tag\">5 \/ SERVICES<\/span>\n\t\t\t\t<div class=\"qodef-ib-item-inner\">\n\t\t\t\t\t<div class=\"qodef-ib-item-title\">\n\t\t\t\t\t\t<h3> Investors and sponsorship <\/h3>\n\t\t\t\t\t<\/div>\n\t\t\t\t\t<div class=\"qodef-ib-item-subtitle\">\n\t\t\t\t\t\t<p> We are experts in developing strategic investment promotion programs. <\/p>\n\t\t\t\t\t<\/div>\n\t\t\t\t\t\t\t\t\t\t\t<div class=\"qodef-ib-item-btn-holder\">\n\t\t\t\t\t\t\t<a class=\"qodef-shortcode qodef-m qodef-button qodef-layout--filled qodef-background--blur qodef-html--link\" href=\"https:\/\/wingstosell.com\/eng\/inversores-sponsorships\/\" target=\"_self\"  >    <span class=\"qodef-m-text\">More<\/span>    <span class=\"qodef-m-arrow\"><svg class=\"qodef-svg--button-arrow\" xmlns=\"http:\/\/www.w3.org\/2000\/svg\" width=\"10\" height=\"10\" viewbox=\"0 0 9.8 9.8\"><g><path d=\"m.4 9.4 9-9\"\/><path d=\"M.4.5h8.9\"\/><path d=\"M9.3 9.4V.5\"\/><\/g><g><path d=\"m.4 9.4 9-9\"\/><path d=\"M.4.5h8.9\"\/><path d=\"M9.3 9.4V.5\"\/><\/g><\/svg><\/span><\/a>\t\t\t\t\t\t<\/div>\n\t\t\t\t\t\t\t\t\t<\/div>\n\t\t\t<\/div>\n\t\t\t\t\t\t\t<\/div>\n\t<div class=\"qodef-ib-grid\">\n\t\t\t\t\t<div class=\"qodef-ib-grid-line\">\n\t\t\t\t<div class=\"qodef-ib-grid-vertical-line\"><\/div>\n\t\t\t<\/div>\n\t\t\t\t\t<div class=\"qodef-ib-grid-line\">\n\t\t\t\t<div class=\"qodef-ib-grid-vertical-line\"><\/div>\n\t\t\t<\/div>\n\t\t\t\t\t<div class=\"qodef-ib-grid-line\">\n\t\t\t\t<div class=\"qodef-ib-grid-vertical-line\"><\/div>\n\t\t\t<\/div>\n\t\t\t\t\t<div class=\"qodef-ib-grid-line\">\n\t\t\t\t<div class=\"qodef-ib-grid-vertical-line\"><\/div>\n\t\t\t<\/div>\n\t\t\t\t\t<div class=\"qodef-ib-grid-line\">\n\t\t\t\t<div class=\"qodef-ib-grid-vertical-line\"><\/div>\n\t\t\t<\/div>\n\t\t\t<\/div>\n<\/div>\t\t\t\t<\/div>\n\t\t\t\t<\/div>\n\t\t\t\t\t<\/div>\n\t\t<\/div>\n\t\t\t\t\t<\/div>\n\t\t<\/section>\n\t\t\t\t<section class=\"elementor-section elementor-top-section elementor-element elementor-element-b66e864 elementor-section-full_width elementor-section-height-default elementor-section-height-default\" data-id=\"b66e864\" data-element_type=\"section\" data-settings=\"{&quot;background_background&quot;:&quot;classic&quot;}\">\n\t\t\t\t\t\t<div class=\"elementor-container elementor-column-gap-default\">\n\t\t\t\t\t<div class=\"elementor-column elementor-col-50 elementor-top-column elementor-element elementor-element-d5950ae\" data-id=\"d5950ae\" data-element_type=\"column\">\n\t\t\t<div class=\"elementor-widget-wrap elementor-element-populated\">\n\t\t\t\t\t\t<div class=\"elementor-element elementor-element-6af8b41 elementor-widget__width-initial elementor-widget elementor-widget-leroux_core_section_title\" data-id=\"6af8b41\" data-element_type=\"widget\" data-widget_type=\"leroux_core_section_title.default\">\n\t\t\t\t<div class=\"elementor-widget-container\">\n\t\t\t\t\t<div class=\"qodef-shortcode qodef-m qodef-section-title qodef-alignment--left\">\n\t\t\t<p class=\"qodef-m-text\" style=\"margin-top: 13px;color: #B8CDD1\">MAIN SERVICE<\/p>\n<\/div>\n\t\t\t\t<\/div>\n\t\t\t\t<\/div>\n\t\t\t\t<div class=\"elementor-element elementor-element-01664d1 elementor-widget__width-initial elementor-widget elementor-widget-leroux_core_section_title\" data-id=\"01664d1\" data-element_type=\"widget\" data-widget_type=\"leroux_core_section_title.default\">\n\t\t\t\t<div class=\"elementor-widget-container\">\n\t\t\t\t\t<div class=\"qodef-shortcode qodef-m textservicios qodef-section-title qodef-alignment--left\">\n\t\t<h1 class=\"qodef-m-title\" style=\"color: #F0F0F0\">\n\t\t\t\t\tConsultancy\t\t\t<\/h1>\n\t\t<p class=\"qodef-m-text\" style=\"margin-top: 13px;color: #CEE0E4\">As a management consultancy, we can support you during internationalization and growth processes with our extensive know-how. We will analyze strategic and operative framework conditions, develop targeted strategies and measures, and implement these together with you.<\/p>\n<\/div>\n\t\t\t\t<\/div>\n\t\t\t\t<\/div>\n\t\t\t\t<div class=\"elementor-element elementor-element-8a708db elementor-widget elementor-widget-leroux_core_textual_list\" data-id=\"8a708db\" data-element_type=\"widget\" data-widget_type=\"leroux_core_textual_list.default\">\n\t\t\t\t<div class=\"elementor-widget-container\">\n\t\t\t\t\t<div class=\"qodef-shortcode qodef-m textchecksservices qodef-textual-list qodef-direction--vertical\" >\n\t<div class=\"qodef-textual-list-inner\" >\n\t\t\t\t\t\t<div class=\"qodef-e qodef-textual-list-item\">\n                                            <div class=\"qodef-e-icon\" style=\"color: #AFC1C5\">\n                            <span class=\"qodef-shortcode qodef-m qodef-icon-holder qodef-layout--normal\"  >\t\t\t<span class=\"qodef-icon-ionicons ion-md-checkmark qodef-icon qodef-e\" style=\"\" ><\/span>\t<\/span>                        <\/div>\n                    \t\t\t\t\t<div class=\"qodef-e-title-holder\">\n\t\t\t\t\t\t<p class='qodef-e-title' style=\"color: #AFC1C5\">\n                            \t\t\t\t\t\t\t    In-depth analysis                            \t\t\t\t\t\t<\/p>\n\t\t\t\t\t<\/div>\n\t\t\t\t<\/div>\n\t\t\t\t\t\t\t<div class=\"qodef-e qodef-textual-list-item\">\n                                            <div class=\"qodef-e-icon\" style=\"color: #AFC1C5\">\n                            <span class=\"qodef-shortcode qodef-m qodef-icon-holder qodef-layout--normal\"  >\t\t\t<span class=\"qodef-icon-ionicons ion-md-checkmark qodef-icon qodef-e\" style=\"\" ><\/span>\t<\/span>                        <\/div>\n                    \t\t\t\t\t<div class=\"qodef-e-title-holder\">\n\t\t\t\t\t\t<p class='qodef-e-title' style=\"color: #AFC1C5\">\n                            \t\t\t\t\t\t\t    Customized strategies                            \t\t\t\t\t\t<\/p>\n\t\t\t\t\t<\/div>\n\t\t\t\t<\/div>\n\t\t\t\t\t\t\t<div class=\"qodef-e qodef-textual-list-item\">\n                                            <div class=\"qodef-e-icon\" style=\"color: #AFC1C5\">\n                            <span class=\"qodef-shortcode qodef-m qodef-icon-holder qodef-layout--normal\"  >\t\t\t<span class=\"qodef-icon-ionicons ion-md-checkmark qodef-icon qodef-e\" style=\"\" ><\/span>\t<\/span>                        <\/div>\n                    \t\t\t\t\t<div class=\"qodef-e-title-holder\">\n\t\t\t\t\t\t<p class='qodef-e-title' style=\"color: #AFC1C5\">\n                            \t\t\t\t\t\t\t    Adapted tools                            \t\t\t\t\t\t<\/p>\n\t\t\t\t\t<\/div>\n\t\t\t\t<\/div>\n\t\t\t\t\t\t\t<div class=\"qodef-e qodef-textual-list-item\">\n                                            <div class=\"qodef-e-icon\" style=\"color: #AFC1C5\">\n                            <span class=\"qodef-shortcode qodef-m qodef-icon-holder qodef-layout--normal\"  >\t\t\t<span class=\"qodef-icon-ionicons ion-md-checkmark qodef-icon qodef-e\" style=\"\" ><\/span>\t<\/span>                        <\/div>\n                    \t\t\t\t\t<div class=\"qodef-e-title-holder\">\n\t\t\t\t\t\t<p class='qodef-e-title' style=\"color: #AFC1C5\">\n                            \t\t\t\t\t\t\t    Business growth                            \t\t\t\t\t\t<\/p>\n\t\t\t\t\t<\/div>\n\t\t\t\t<\/div>\n\t\t\t\t<\/div>\n<\/div>\t\t\t\t<\/div>\n\t\t\t\t<\/div>\n\t\t\t\t<div class=\"elementor-element elementor-element-b103be1 elementor-widget elementor-widget-leroux_core_button\" data-id=\"b103be1\" data-element_type=\"widget\" data-widget_type=\"leroux_core_button.default\">\n\t\t\t\t<div class=\"elementor-widget-container\">\n\t\t\t\t\t<a class=\"qodef-shortcode qodef-m qodef-button qodef-layout--textual qodef-html--link\" href=\"https:\/\/wingstosell.com\/eng\/contacto\/\" target=\"_self\"  style=\"color: #AFC1C5;margin: 20px 0px 0px 0px\">\n\t<span class=\"qodef-m-text\">Get in touch<\/span>\n    <span class=\"qodef-m-arrow\"><svg class=\"qodef-svg--button-arrow\" xmlns=\"http:\/\/www.w3.org\/2000\/svg\" width=\"10\" height=\"10\" viewbox=\"0 0 9.8 9.8\"><g><path d=\"m.4 9.4 9-9\"\/><path d=\"M.4.5h8.9\"\/><path d=\"M9.3 9.4V.5\"\/><\/g><g><path d=\"m.4 9.4 9-9\"\/><path d=\"M.4.5h8.9\"\/><path d=\"M9.3 9.4V.5\"\/><\/g><\/svg><\/span>\n<\/a>\n\t\t\t\t<\/div>\n\t\t\t\t<\/div>\n\t\t\t\t\t<\/div>\n\t\t<\/div>\n\t\t\t\t<div class=\"elementor-column elementor-col-50 elementor-top-column elementor-element elementor-element-2d6bf1e\" data-id=\"2d6bf1e\" data-element_type=\"column\">\n\t\t\t<div class=\"elementor-widget-wrap elementor-element-populated\">\n\t\t\t\t\t\t<div class=\"elementor-element elementor-element-0cf5c52 elementor-widget__width-initial elementor-widget-tablet__width-inherit elementor-widget elementor-widget-leroux_core_section_title\" data-id=\"0cf5c52\" data-element_type=\"widget\" data-widget_type=\"leroux_core_section_title.default\">\n\t\t\t\t<div class=\"elementor-widget-container\">\n\t\t\t\t\t<div class=\"qodef-shortcode qodef-m textservicios qodef-section-title qodef-alignment--left\">\n\t\t<h2 class=\"qodef-m-title\" style=\"color: #AFC1C5\">\n\t\t\t\t\tWe specialize in the international market\t\t\t<\/h2>\n\t<\/div>\n\t\t\t\t<\/div>\n\t\t\t\t<\/div>\n\t\t\t\t<div class=\"elementor-element elementor-element-1be78e7 elementor-widget__width-initial elementor-widget-tablet__width-inherit elementor-widget elementor-widget-leroux_core_section_title\" data-id=\"1be78e7\" data-element_type=\"widget\" data-widget_type=\"leroux_core_section_title.default\">\n\t\t\t\t<div class=\"elementor-widget-container\">\n\t\t\t\t\t<div class=\"qodef-shortcode qodef-m textservicios qodef-section-title qodef-alignment--left\">\n\t\t<h2 class=\"qodef-m-title\" style=\"color: #9EADB1\">\n\t\t\t\t\tOur main goal is to lead your company to success\t\t\t<\/h2>\n\t<\/div>\n\t\t\t\t<\/div>\n\t\t\t\t<\/div>\n\t\t\t\t\t<\/div>\n\t\t<\/div>\n\t\t\t\t\t<\/div>\n\t\t<\/section>\n\t\t\t\t<\/div>","protected":false},"excerpt":{"rendered":"<p>1 \/ SERVICIOS Project manager Gestionamos y coordinamos proyectos para cumplir con los objetivos requeridos. Saber m\u00e1s 2 \/ SERVICIOS Traducci\u00f3n e interpretaci\u00f3n Servicios de enlace ling\u00fc\u00edstico de traducci\u00f3n e interpretaci\u00f3n. Saber m\u00e1s 3 \/ SERVICIOS Interim management \u00bfNecesitas a alguien que literalmente entre en tu empresa y cambie las cosas? Saber m\u00e1s 4 \/ [&hellip;]<\/p>","protected":false},"author":1,"featured_media":0,"parent":0,"menu_order":0,"comment_status":"closed","ping_status":"closed","template":"page-full-width.php","meta":{"_joinchat":[],"footnotes":""},"class_list":["post-3327","page","type-page","status-publish","hentry"],"_links":{"self":[{"href":"https:\/\/wingstosell.com\/eng\/wp-json\/wp\/v2\/pages\/3327","targetHints":{"allow":["GET"]}}],"collection":[{"href":"https:\/\/wingstosell.com\/eng\/wp-json\/wp\/v2\/pages"}],"about":[{"href":"https:\/\/wingstosell.com\/eng\/wp-json\/wp\/v2\/types\/page"}],"author":[{"embeddable":true,"href":"https:\/\/wingstosell.com\/eng\/wp-json\/wp\/v2\/users\/1"}],"replies":[{"embeddable":true,"href":"https:\/\/wingstosell.com\/eng\/wp-json\/wp\/v2\/comments?post=3327"}],"version-history":[{"count":98,"href":"https:\/\/wingstosell.com\/eng\/wp-json\/wp\/v2\/pages\/3327\/revisions"}],"predecessor-version":[{"id":12938,"href":"https:\/\/wingstosell.com\/eng\/wp-json\/wp\/v2\/pages\/3327\/revisions\/12938"}],"wp:attachment":[{"href":"https:\/\/wingstosell.com\/eng\/wp-json\/wp\/v2\/media?parent=3327"}],"curies":[{"name":"wp","href":"https:\/\/api.w.org\/{rel}","templated":true}]}}