{"id":12493,"date":"2025-07-16T10:37:14","date_gmt":"2025-07-16T10:37:14","guid":{"rendered":"https:\/\/wingstosell.com\/?page_id=12493"},"modified":"2025-07-16T10:41:54","modified_gmt":"2025-07-16T10:41:54","slug":"politica-privacidad","status":"publish","type":"page","link":"https:\/\/wingstosell.com\/eng\/politica-privacidad\/","title":{"rendered":"Pol\u00edtica de privacidad"},"content":{"rendered":"<div data-elementor-type=\"wp-page\" data-elementor-id=\"12493\" class=\"elementor elementor-12493\">\n\t\t\t\t\t\t<section class=\"elementor-section elementor-top-section elementor-element elementor-element-4c70a83 elementor-section-full_width elementor-section-height-default elementor-section-height-default\" data-id=\"4c70a83\" data-element_type=\"section\">\n\t\t\t\t\t\t<div class=\"elementor-container elementor-column-gap-no\">\n\t\t\t\t\t<div class=\"elementor-column elementor-col-50 elementor-top-column elementor-element elementor-element-6e779fc\" data-id=\"6e779fc\" data-element_type=\"column\">\n\t\t\t<div class=\"elementor-widget-wrap elementor-element-populated\">\n\t\t\t\t\t\t<div class=\"elementor-element elementor-element-eb7b0dc elementor-widget elementor-widget-leroux_core_section_title\" data-id=\"eb7b0dc\" data-element_type=\"widget\" data-widget_type=\"leroux_core_section_title.default\">\n\t\t\t\t<div class=\"elementor-widget-container\">\n\t\t\t\t\t<div class=\"qodef-shortcode qodef-m qodef-section-title qodef-alignment--left qodef-title-break--disabled\">\n\t\t<h1 class=\"qodef-m-title\" style=\"color: #FFFFFF\">\n\t\t\t\t\tPol\u00edtica de privacidad<br \/>\t\t\t<\/h1>\n\t<\/div>\n\t\t\t\t<\/div>\n\t\t\t\t<\/div>\n\t\t\t\t<div class=\"elementor-element elementor-element-0f2aab3 elementor-widget__width-initial elementor-widget elementor-widget-text-editor\" data-id=\"0f2aab3\" data-element_type=\"widget\" data-widget_type=\"text-editor.default\">\n\t\t\t\t\t\t\t\t\t<h4 style=\"color: #FFFFFF\">Quienes somos<\/h4>\n<span style=\"font-weight: 400;\">WINGSTOSELL es una consultor\u00eda empresarial especializada en el comercio internacional. Ayudamos a las empresas a efectuar una expansi\u00f3n exitosa en los mercados internacionales. La direcci\u00f3n de nuestro sitio web es: <\/span><a href=\"https:\/\/wingstosell.com\/eng\/\"><span style=\"font-weight: 400;\">https:\/\/wingstosell.com.<\/span><\/a>\n<h4 style=\"color: #FFFFFF\">Compromiso con la Privacidad<\/h4>\n<span style=\"font-weight: 400;\">WINGSTOSELL se compromete a respetar tu privacidad y a proteger tus datos personales.<\/span>\n<ul>\n \t<li style=\"font-weight: 400;\" aria-level=\"1\"><span style=\"font-weight: 400;\">Seremos totalmente transparentes acerca de los datos que recabemos y el uso que hagamos de ellos.<\/span><\/li>\n \t<li style=\"font-weight: 400;\" aria-level=\"1\"><span style=\"font-weight: 400;\">Utilizaremos los datos que nos proporciones para los fines descritos en nuestra Pol\u00edtica de Privacidad, entre los que se encuentra prestarte los servicios que has solicitado y mejorar tu experiencia con WINGSTOSELL.<\/span><\/li>\n \t<li style=\"font-weight: 400;\" aria-level=\"1\"><span style=\"font-weight: 400;\">Adoptaremos las medidas necesarias para proteger y mantener a salvo tu informaci\u00f3n.<\/span><\/li>\n \t<li style=\"font-weight: 400;\" aria-level=\"1\"><span style=\"font-weight: 400;\">Respetaremos los derechos de protecci\u00f3n de datos y trataremos de cederte el control sobre tu propia informaci\u00f3n.<\/span><\/li>\n<\/ul>\n<span style=\"font-weight: 400;\">La Pol\u00edtica de Privacidad que detallamos a continuaci\u00f3n podr\u00e1 ayudarte a comprender mejor c\u00f3mo utilizamos tus datos personales. En ella explicamos con m\u00e1s detalle los tipos de datos personales que recabamos, c\u00f3mo los recabamos, con qu\u00e9 fines podemos utilizarlos y con qui\u00e9n podemos compartirlos.<\/span>\n\n<span style=\"font-weight: 400;\">A lo largo de la Pol\u00edtica de Privacidad encontrar\u00e1s una serie de ejemplos espec\u00edficos de por qu\u00e9 y c\u00f3mo usamos tus datos personales. Si tienes cualquier duda, por favor ponte en contacto con nosotros por correo electr\u00f3nico <\/span><span style=\"font-weight: 400;\">marina.rayon@wingstosell.com<\/span><span style=\"font-weight: 400;\">.<\/span>\n<h4 style=\"color: #FFFFFF\">Uso de datos<\/h4>\n<span style=\"font-weight: 400;\">A efecto de lo previsto en RGPD de 27 de abril de 2016, y la LO 3\/2018, trataremos los datos que recojamos para las siguientes finalidades:<\/span>\n<ul>\n \t<li style=\"font-weight: 400;\" aria-level=\"1\"><span style=\"font-weight: 400;\">Contactar con usted en caso de que as\u00ed nos lo pida.<\/span><\/li>\n \t<li style=\"font-weight: 400;\" aria-level=\"1\"><span style=\"font-weight: 400;\">Gestionar su navegaci\u00f3n en la web, en su caso.<\/span><\/li>\n \t<li style=\"font-weight: 400;\" aria-level=\"1\"><span style=\"font-weight: 400;\">Bajo autorizaci\u00f3n previa para remitirle comunicaciones comerciales acerca de nuestros productos y servicios.\u00a0<\/span><\/li>\n<\/ul>\n<span style=\"font-weight: 400;\">Los datos personales no ser\u00e1n objeto de cesi\u00f3n salvo en el cumplimiento de obligaciones legalmente establecidas o para dar soporte a los servicios vinculados a este tratamiento.<\/span>\n<h4 style=\"color: #FFFFFF\">Cookies<\/h4>\n<span style=\"font-weight: 400;\">Si visita nuestra p\u00e1gina de inicio de sesi\u00f3n, estableceremos una cookie temporal para determinar si su navegador acepta cookies. Esta cookie no contiene datos personales y se descarta cuando cierra su navegador. Estas cookies tendr\u00e1n una duraci\u00f3n de un a\u00f1o.<\/span>\t\t\t\t\t\t\t\t<\/div>\n\t\t\t\t\t<\/div>\n\t\t<\/div>\n\t\t\t\t<div class=\"elementor-column elementor-col-50 elementor-top-column elementor-element elementor-element-437301e\" data-id=\"437301e\" data-element_type=\"column\" data-settings=\"{&quot;background_background&quot;:&quot;classic&quot;}\">\n\t\t\t<div class=\"elementor-widget-wrap elementor-element-populated\">\n\t\t\t\t\t\t<div class=\"elementor-element elementor-element-cdc6e26 elementor-widget elementor-widget-leroux_core_google_map\" data-id=\"cdc6e26\" data-element_type=\"widget\" data-widget_type=\"leroux_core_google_map.default\">\n\t\t\t\t<div class=\"elementor-widget-container\">\n\t\t\t\t\t<div class=\"qodef-shortcode qodef-m qodef-google-map\">\n\t<div class=\"qodef-m-map\" id=\"qodef-map-id--829\" data-addresses='[\"223 Store Hill Rd, Old Westbury, NY 11568, United States\"]' data-pin=\"https:\/\/wingstosell.com\/wp-content\/uploads\/2023\/05\/pin.png\" data-unique-id=\"829\" data-height=\"582\"><\/div>\n<\/div>\n\t\t\t\t<\/div>\n\t\t\t\t<\/div>\n\t\t\t\t\t<\/div>\n\t\t<\/div>\n\t\t\t\t\t<\/div>\n\t\t<\/section>\n\t\t\t\t<\/div>","protected":false},"excerpt":{"rendered":"<p>Pol\u00edtica de privacidad Quienes somos WINGSTOSELL es una consultor\u00eda empresarial especializada en el comercio internacional. Ayudamos a las empresas a efectuar una expansi\u00f3n exitosa en los mercados internacionales. La direcci\u00f3n de nuestro sitio web es: https:\/\/wingstosell.com. Compromiso con la Privacidad WINGSTOSELL se compromete a respetar tu privacidad y a proteger tus datos personales. Seremos totalmente [&hellip;]<\/p>","protected":false},"author":3,"featured_media":0,"parent":0,"menu_order":0,"comment_status":"closed","ping_status":"closed","template":"page-full-width.php","meta":{"_joinchat":[],"footnotes":""},"class_list":["post-12493","page","type-page","status-publish","hentry"],"_links":{"self":[{"href":"https:\/\/wingstosell.com\/eng\/wp-json\/wp\/v2\/pages\/12493","targetHints":{"allow":["GET"]}}],"collection":[{"href":"https:\/\/wingstosell.com\/eng\/wp-json\/wp\/v2\/pages"}],"about":[{"href":"https:\/\/wingstosell.com\/eng\/wp-json\/wp\/v2\/types\/page"}],"author":[{"embeddable":true,"href":"https:\/\/wingstosell.com\/eng\/wp-json\/wp\/v2\/users\/3"}],"replies":[{"embeddable":true,"href":"https:\/\/wingstosell.com\/eng\/wp-json\/wp\/v2\/comments?post=12493"}],"version-history":[{"count":4,"href":"https:\/\/wingstosell.com\/eng\/wp-json\/wp\/v2\/pages\/12493\/revisions"}],"predecessor-version":[{"id":12497,"href":"https:\/\/wingstosell.com\/eng\/wp-json\/wp\/v2\/pages\/12493\/revisions\/12497"}],"wp:attachment":[{"href":"https:\/\/wingstosell.com\/eng\/wp-json\/wp\/v2\/media?parent=12493"}],"curies":[{"name":"wp","href":"https:\/\/api.w.org\/{rel}","templated":true}]}}