{"id":12415,"date":"2025-07-16T07:54:28","date_gmt":"2025-07-16T07:54:28","guid":{"rendered":"https:\/\/wingstosell.com\/?page_id=12415"},"modified":"2025-07-18T11:41:25","modified_gmt":"2025-07-18T11:41:25","slug":"ferias-comerciales-eventos","status":"publish","type":"page","link":"https:\/\/wingstosell.com\/eng\/ferias-comerciales-eventos\/","title":{"rendered":"Trade fairs and events"},"content":{"rendered":"<div data-elementor-type=\"wp-page\" data-elementor-id=\"12415\" class=\"elementor elementor-12415\">\n\t\t\t\t\t\t<section class=\"elementor-section elementor-top-section elementor-element elementor-element-19839d2 elementor-section-full_width elementor-section-height-min-height elementor-section-height-default elementor-section-items-middle\" data-id=\"19839d2\" data-element_type=\"section\" data-e-type=\"section\" data-settings=\"{&quot;background_background&quot;:&quot;classic&quot;}\">\n\t\t\t\t\t\t<div class=\"elementor-container elementor-column-gap-no\">\n\t\t\t\t\t<div class=\"elementor-column elementor-col-100 elementor-top-column elementor-element elementor-element-9fa3f9d\" data-id=\"9fa3f9d\" data-element_type=\"column\" data-e-type=\"column\">\n\t\t\t<div class=\"elementor-widget-wrap elementor-element-populated\">\n\t\t\t\t\t\t<div class=\"elementor-element elementor-element-fb3e254 elementor-widget elementor-widget-spacer\" data-id=\"fb3e254\" data-element_type=\"widget\" data-e-type=\"widget\" data-widget_type=\"spacer.default\">\n\t\t\t\t\t\t\t<div class=\"elementor-spacer\">\n\t\t\t<div class=\"elementor-spacer-inner\"><\/div>\n\t\t<\/div>\n\t\t\t\t\t\t<\/div>\n\t\t\t\t<div class=\"elementor-element elementor-element-9070a32 elementor-widget elementor-widget-leroux_core_section_title\" data-id=\"9070a32\" data-element_type=\"widget\" data-e-type=\"widget\" data-widget_type=\"leroux_core_section_title.default\">\n\t\t\t\t<div class=\"elementor-widget-container\">\n\t\t\t\t\t<div class=\"qodef-shortcode qodef-m qodef-section-title qodef-alignment--center\">\n\t\t<h2 class=\"qodef-m-title\" style=\"color: #FFFFFF\">\n\t\t\t\t\tTrade fairs and events\t\t\t<\/h2>\n\t<\/div>\n\t\t\t\t<\/div>\n\t\t\t\t<\/div>\n\t\t\t\t\t<\/div>\n\t\t<\/div>\n\t\t\t\t\t<\/div>\n\t\t<\/section>\n\t\t\t\t<section class=\"elementor-section elementor-top-section elementor-element elementor-element-ea96cfb elementor-section-full_width elementor-section-height-default elementor-section-height-default\" data-id=\"ea96cfb\" data-element_type=\"section\" data-e-type=\"section\">\n\t\t\t\t\t\t<div class=\"elementor-container elementor-column-gap-no\">\n\t\t\t\t\t<div class=\"elementor-column elementor-col-50 elementor-top-column elementor-element elementor-element-c0edd84\" data-id=\"c0edd84\" data-element_type=\"column\" data-e-type=\"column\" data-settings=\"{&quot;background_background&quot;:&quot;classic&quot;}\">\n\t\t\t<div class=\"elementor-widget-wrap elementor-element-populated\">\n\t\t\t\t\t\t<div class=\"elementor-element elementor-element-4f49a07 elementor-widget elementor-widget-leroux_core_button\" data-id=\"4f49a07\" data-element_type=\"widget\" data-e-type=\"widget\" data-widget_type=\"leroux_core_button.default\">\n\t\t\t\t<div class=\"elementor-widget-container\">\n\t\t\t\t\t<a class=\"qodef-shortcode qodef-m qodef-button qodef-layout--textual qodef-html--link\" href=\"https:\/\/wingstosell.com\/eng\/servicios\/\" target=\"_self\" data-hover-color=\"#253034\" style=\"color: #00B9AC;font-weight: 500\">\n\t<span class=\"qodef-m-text\">All services<\/span>\n    <span class=\"qodef-m-arrow\"><svg class=\"qodef-svg--button-arrow\" xmlns=\"http:\/\/www.w3.org\/2000\/svg\" width=\"10\" height=\"10\" viewbox=\"0 0 9.8 9.8\"><g><path d=\"m.4 9.4 9-9\"\/><path d=\"M.4.5h8.9\"\/><path d=\"M9.3 9.4V.5\"\/><\/g><g><path d=\"m.4 9.4 9-9\"\/><path d=\"M.4.5h8.9\"\/><path d=\"M9.3 9.4V.5\"\/><\/g><\/svg><\/span>\n<\/a>\n\t\t\t\t<\/div>\n\t\t\t\t<\/div>\n\t\t\t\t<section class=\"elementor-section elementor-inner-section elementor-element elementor-element-a086bc3 elementor-section-full_width elementor-section-height-default elementor-section-height-default\" data-id=\"a086bc3\" data-element_type=\"section\" data-e-type=\"section\">\n\t\t\t\t\t\t<div class=\"elementor-container elementor-column-gap-no\">\n\t\t\t\t\t<div class=\"elementor-column elementor-col-100 elementor-inner-column elementor-element elementor-element-290f8c0\" data-id=\"290f8c0\" data-element_type=\"column\" data-e-type=\"column\">\n\t\t\t<div class=\"elementor-widget-wrap elementor-element-populated\">\n\t\t\t\t\t\t<div class=\"elementor-element elementor-element-4a6a229 elementor-widget__width-initial elementor-widget elementor-widget-leroux_core_section_title\" data-id=\"4a6a229\" data-element_type=\"widget\" data-e-type=\"widget\" data-widget_type=\"leroux_core_section_title.default\">\n\t\t\t\t<div class=\"elementor-widget-container\">\n\t\t\t\t\t<div class=\"qodef-shortcode qodef-m qodef-section-title qodef-alignment--left qodef-title-break--disabled\">\n\t\t<h2 class=\"qodef-m-title\" >\n\t\t\t\t\tThis service is ideal<br \/> during the consideration and exploration phase\t\t\t<\/h2>\n\t<\/div>\n\t\t\t\t<\/div>\n\t\t\t\t<\/div>\n\t\t\t\t<div class=\"elementor-element elementor-element-de295fd elementor-widget elementor-widget-leroux_core_button\" data-id=\"de295fd\" data-element_type=\"widget\" data-e-type=\"widget\" data-widget_type=\"leroux_core_button.default\">\n\t\t\t\t<div class=\"elementor-widget-container\">\n\t\t\t\t\t<a class=\"qodef-shortcode qodef-m qodef-button qodef-layout--outlined qodef-html--link\" href=\"https:\/\/wingstosell.com\/eng\/contacto\/\" target=\"_self\" data-hover-color=\"#DEEEED\" data-hover-background-color=\"#253034\" data-hover-border-color=\"#253034\" style=\"color: #253034;border-color: #253034;font-weight: 500\">\n\t<span class=\"qodef-m-text\">Get in touch<\/span>\n    <span class=\"qodef-m-arrow\"><svg class=\"qodef-svg--button-arrow\" xmlns=\"http:\/\/www.w3.org\/2000\/svg\" width=\"10\" height=\"10\" viewbox=\"0 0 9.8 9.8\"><g><path d=\"m.4 9.4 9-9\"\/><path d=\"M.4.5h8.9\"\/><path d=\"M9.3 9.4V.5\"\/><\/g><g><path d=\"m.4 9.4 9-9\"\/><path d=\"M.4.5h8.9\"\/><path d=\"M9.3 9.4V.5\"\/><\/g><\/svg><\/span>\n<\/a>\n\t\t\t\t<\/div>\n\t\t\t\t<\/div>\n\t\t\t\t\t<\/div>\n\t\t<\/div>\n\t\t\t\t\t<\/div>\n\t\t<\/section>\n\t\t\t\t\t<\/div>\n\t\t<\/div>\n\t\t\t\t<div class=\"elementor-column elementor-col-50 elementor-top-column elementor-element elementor-element-6875b00\" data-id=\"6875b00\" data-element_type=\"column\" data-e-type=\"column\">\n\t\t\t<div class=\"elementor-widget-wrap elementor-element-populated\">\n\t\t\t\t\t\t<div class=\"elementor-element elementor-element-b88e387 elementor-widget__width-auto elementor-widget elementor-widget-leroux_core_single_image\" data-id=\"b88e387\" data-element_type=\"widget\" data-e-type=\"widget\" data-widget_type=\"leroux_core_single_image.default\">\n\t\t\t\t<div class=\"elementor-widget-container\">\n\t\t\t\t\t<div class=\"qodef-shortcode qodef-m qodef-single-image qodef-layout--default\">\n\t\t\t<div class=\"qodef-m-image\">\n\t\t\t\t\t\t\t\t<img fetchpriority=\"high\" decoding=\"async\" src=\"https:\/\/wingstosell.com\/wp-content\/uploads\/2025\/07\/IMG_2261-scaled-900x600.jpeg\" alt=\"\" width=\"900\" height=\"600\" data-ratio=\"1.5\" \/>\t\t\t\t\t\t\t<\/div>\n\t<\/div>\n\t\t\t\t<\/div>\n\t\t\t\t<\/div>\n\t\t\t\t<div class=\"elementor-element elementor-element-feaf2c6 elementor-widget__width-initial elementor-widget elementor-widget-text-editor\" data-id=\"feaf2c6\" data-element_type=\"widget\" data-e-type=\"widget\" data-widget_type=\"text-editor.default\">\n\t\t\t\t\t\t\t\t\t<p>We organize trade missions, fairs, and strategic events, connecting you with key buyers to drive your growth.<\/p>\t\t\t\t\t\t\t\t<\/div>\n\t\t\t\t\t<\/div>\n\t\t<\/div>\n\t\t\t\t\t<\/div>\n\t\t<\/section>\n\t\t\t\t<section class=\"elementor-section elementor-top-section elementor-element elementor-element-a40f8b6 elementor-section-full_width qodef-elementor-content-grid qodef-extended-grid qodef-extended-grid--right qodef-extended-grid-disabled--1024 elementor-section-height-default elementor-section-height-default\" data-id=\"a40f8b6\" data-element_type=\"section\" data-e-type=\"section\" data-settings=\"{&quot;background_background&quot;:&quot;classic&quot;}\">\n\t\t\t\t\t\t<div class=\"elementor-container elementor-column-gap-no\">\n\t\t\t\t\t<div class=\"elementor-column elementor-col-50 elementor-top-column elementor-element elementor-element-7154113\" data-id=\"7154113\" data-element_type=\"column\" data-e-type=\"column\">\n\t\t\t<div class=\"elementor-widget-wrap elementor-element-populated\">\n\t\t\t\t\t\t<div class=\"elementor-element elementor-element-a8cbc8f elementor-widget__width-initial elementor-widget elementor-widget-leroux_core_section_title\" data-id=\"a8cbc8f\" data-element_type=\"widget\" data-e-type=\"widget\" data-widget_type=\"leroux_core_section_title.default\">\n\t\t\t\t<div class=\"elementor-widget-container\">\n\t\t\t\t\t<div class=\"qodef-shortcode qodef-m qodef-section-title qodef-alignment--left qodef-title-break--disabled\">\n\t\t<h2 class=\"qodef-m-title\" style=\"--qodef-title-emphasized-words-color: #00B9AC\">\n\t\t\t\t\tSome of our <span class=\"qodef-special-style\">trade<\/span> <span class=\"qodef-special-style\">events<\/span>\t\t\t<\/h2>\n\t<\/div>\n\t\t\t\t<\/div>\n\t\t\t\t<\/div>\n\t\t\t\t<div class=\"elementor-element elementor-element-57b62f2 elementor-widget__width-initial elementor-widget elementor-widget-text-editor\" data-id=\"57b62f2\" data-element_type=\"widget\" data-e-type=\"widget\" data-widget_type=\"text-editor.default\">\n\t\t\t\t\t\t\t\t\t<p>This organization is key in the consideration and exploration phase, when companies evaluate their expansion into new markets.<\/p>\t\t\t\t\t\t\t\t<\/div>\n\t\t\t\t<div class=\"elementor-element elementor-element-c7565fb elementor-widget-tablet__width-inherit elementor-widget elementor-widget-leroux_core_textual_list\" data-id=\"c7565fb\" data-element_type=\"widget\" data-e-type=\"widget\" data-widget_type=\"leroux_core_textual_list.default\">\n\t\t\t\t<div class=\"elementor-widget-container\">\n\t\t\t\t\t<div class=\"qodef-shortcode qodef-m qodef-textual-list qodef-direction--vertical\" >\n\t<div class=\"qodef-textual-list-inner\" >\n\t\t\t\t\t\t<div class=\"qodef-e qodef-textual-list-item\">\n                                            <div class=\"qodef-e-icon\" >\n                            <span class=\"qodef-shortcode qodef-m qodef-icon-holder qodef-layout--normal\"  >\t\t\t<span class=\"qodef-icon-ionicons ion-md-checkmark qodef-icon qodef-e\" style=\"\" ><\/span>\t<\/span>                        <\/div>\n                    \t\t\t\t\t<div class=\"qodef-e-title-holder\">\n\t\t\t\t\t\t<h6 class='qodef-e-title' >\n                            \t\t\t\t\t\t\t    Food and beverage trade show in Korea, Asia                            \t\t\t\t\t\t<\/h6>\n\t\t\t\t\t<\/div>\n\t\t\t\t<\/div>\n\t\t\t\t\t\t\t<div class=\"qodef-e qodef-textual-list-item\">\n                                            <div class=\"qodef-e-icon\" >\n                            <span class=\"qodef-shortcode qodef-m qodef-icon-holder qodef-layout--normal\"  >\t\t\t<span class=\"qodef-icon-ionicons ion-md-checkmark qodef-icon qodef-e\" style=\"\" ><\/span>\t<\/span>                        <\/div>\n                    \t\t\t\t\t<div class=\"qodef-e-title-holder\">\n\t\t\t\t\t\t<h6 class='qodef-e-title' >\n                            \t\t\t\t\t\t\t    Participation in agri-food industry events                            \t\t\t\t\t\t<\/h6>\n\t\t\t\t\t<\/div>\n\t\t\t\t<\/div>\n\t\t\t\t\t\t\t<div class=\"qodef-e qodef-textual-list-item\">\n                                            <div class=\"qodef-e-icon\" >\n                            <span class=\"qodef-shortcode qodef-m qodef-icon-holder qodef-layout--normal\"  >\t\t\t<span class=\"qodef-icon-ionicons ion-md-checkmark qodef-icon qodef-e\" style=\"\" ><\/span>\t<\/span>                        <\/div>\n                    \t\t\t\t\t<div class=\"qodef-e-title-holder\">\n\t\t\t\t\t\t<h6 class='qodef-e-title' >\n                            \t\t\t\t\t\t\t    ANUGA \u2013 International Food Industry                            \t\t\t\t\t\t<\/h6>\n\t\t\t\t\t<\/div>\n\t\t\t\t<\/div>\n\t\t\t\t\t\t\t<div class=\"qodef-e qodef-textual-list-item\">\n                                            <div class=\"qodef-e-icon\" >\n                            <span class=\"qodef-shortcode qodef-m qodef-icon-holder qodef-layout--normal\"  >\t\t\t<span class=\"qodef-icon-ionicons ion-md-checkmark qodef-icon qodef-e\" style=\"\" ><\/span>\t<\/span>                        <\/div>\n                    \t\t\t\t\t<div class=\"qodef-e-title-holder\">\n\t\t\t\t\t\t<h6 class='qodef-e-title' >\n                            \t\t\t\t\t\t\t    SIAL \u2013 Global trade show for the food and beverage industry                            \t\t\t\t\t\t<\/h6>\n\t\t\t\t\t<\/div>\n\t\t\t\t<\/div>\n\t\t\t\t\t\t\t<div class=\"qodef-e qodef-textual-list-item\">\n                                            <div class=\"qodef-e-icon\" >\n                            <span class=\"qodef-shortcode qodef-m qodef-icon-holder qodef-layout--normal\"  >\t\t\t<span class=\"qodef-icon-ionicons ion-md-checkmark qodef-icon qodef-e\" style=\"\" ><\/span>\t<\/span>                        <\/div>\n                    \t\t\t\t\t<div class=\"qodef-e-title-holder\">\n\t\t\t\t\t\t<h6 class='qodef-e-title' >\n                            \t\t\t\t\t\t\t    PLMA  \u2013 Marca blanca y gran distribuci\u00f3n                            \t\t\t\t\t\t<\/h6>\n\t\t\t\t\t<\/div>\n\t\t\t\t<\/div>\n\t\t\t\t<\/div>\n<\/div>\t\t\t\t<\/div>\n\t\t\t\t<\/div>\n\t\t\t\t\t<\/div>\n\t\t<\/div>\n\t\t\t\t<div class=\"elementor-column elementor-col-50 elementor-top-column elementor-element elementor-element-fd30aba\" data-id=\"fd30aba\" data-element_type=\"column\" data-e-type=\"column\">\n\t\t\t<div class=\"elementor-widget-wrap elementor-element-populated\">\n\t\t\t\t\t\t<div class=\"elementor-element elementor-element-3041dd7 elementor-widget__width-auto elementor-widget elementor-widget-leroux_core_single_image\" data-id=\"3041dd7\" data-element_type=\"widget\" data-e-type=\"widget\" data-widget_type=\"leroux_core_single_image.default\">\n\t\t\t\t<div class=\"elementor-widget-container\">\n\t\t\t\t\t<div class=\"qodef-shortcode qodef-m qodef-single-image qodef-layout--default\">\n\t\t\t<div class=\"qodef-m-image\">\n\t\t\t\t\t\t\t\t<img decoding=\"async\" width=\"1280\" height=\"960\" src=\"https:\/\/wingstosell.com\/wp-content\/uploads\/2025\/07\/IMG_0191.jpeg\" class=\"attachment-full size-full\" alt=\"\" srcset=\"https:\/\/wingstosell.com\/wp-content\/uploads\/2025\/07\/IMG_0191.jpeg 1280w, https:\/\/wingstosell.com\/wp-content\/uploads\/2025\/07\/IMG_0191-300x225.jpeg 300w, https:\/\/wingstosell.com\/wp-content\/uploads\/2025\/07\/IMG_0191-1024x768.jpeg 1024w, https:\/\/wingstosell.com\/wp-content\/uploads\/2025\/07\/IMG_0191-768x576.jpeg 768w, https:\/\/wingstosell.com\/wp-content\/uploads\/2025\/07\/IMG_0191-600x450.jpeg 600w\" sizes=\"(max-width: 1280px) 100vw, 1280px\" \/>\t\t\t\t\t\t\t<\/div>\n\t<\/div>\n\t\t\t\t<\/div>\n\t\t\t\t<\/div>\n\t\t\t\t\t<\/div>\n\t\t<\/div>\n\t\t\t\t\t<\/div>\n\t\t<\/section>\n\t\t\t\t<\/div>","protected":false},"excerpt":{"rendered":"<p>Ferias comerciales y eventos Todos los servicios Este servicio es ideal durante la fase de consideraci\u00f3n y exploraci\u00f3n Hablamos Organizamos misiones comerciales, ferias y eventos estrat\u00e9gicos, conect\u00e1ndote con compradores clave para impulsar tu crecimiento. Algunos de nuestros eventos comerciales Esta organizaci\u00f3n es clave en la fase de consideraci\u00f3n y exploraci\u00f3n, cuando las empresas eval\u00faan su [&hellip;]<\/p>","protected":false},"author":3,"featured_media":0,"parent":0,"menu_order":0,"comment_status":"closed","ping_status":"closed","template":"page-full-width.php","meta":{"_joinchat":[],"footnotes":""},"class_list":["post-12415","page","type-page","status-publish","hentry"],"_links":{"self":[{"href":"https:\/\/wingstosell.com\/eng\/wp-json\/wp\/v2\/pages\/12415","targetHints":{"allow":["GET"]}}],"collection":[{"href":"https:\/\/wingstosell.com\/eng\/wp-json\/wp\/v2\/pages"}],"about":[{"href":"https:\/\/wingstosell.com\/eng\/wp-json\/wp\/v2\/types\/page"}],"author":[{"embeddable":true,"href":"https:\/\/wingstosell.com\/eng\/wp-json\/wp\/v2\/users\/3"}],"replies":[{"embeddable":true,"href":"https:\/\/wingstosell.com\/eng\/wp-json\/wp\/v2\/comments?post=12415"}],"version-history":[{"count":16,"href":"https:\/\/wingstosell.com\/eng\/wp-json\/wp\/v2\/pages\/12415\/revisions"}],"predecessor-version":[{"id":12565,"href":"https:\/\/wingstosell.com\/eng\/wp-json\/wp\/v2\/pages\/12415\/revisions\/12565"}],"wp:attachment":[{"href":"https:\/\/wingstosell.com\/eng\/wp-json\/wp\/v2\/media?parent=12415"}],"curies":[{"name":"wp","href":"https:\/\/api.w.org\/{rel}","templated":true}]}}