{"id":12400,"date":"2025-07-16T07:30:18","date_gmt":"2025-07-16T07:30:18","guid":{"rendered":"https:\/\/wingstosell.com\/?page_id=12400"},"modified":"2025-08-01T09:42:16","modified_gmt":"2025-08-01T09:42:16","slug":"traduccion-interpretacion","status":"publish","type":"page","link":"https:\/\/wingstosell.com\/eng\/traduccion-interpretacion\/","title":{"rendered":"Language assistance provider"},"content":{"rendered":"<div data-elementor-type=\"wp-page\" data-elementor-id=\"12400\" class=\"elementor elementor-12400\">\n\t\t\t\t\t\t<section class=\"elementor-section elementor-top-section elementor-element elementor-element-19839d2 elementor-section-full_width elementor-section-height-min-height elementor-section-content-middle elementor-section-height-default elementor-section-items-middle\" data-id=\"19839d2\" data-element_type=\"section\" data-e-type=\"section\" data-settings=\"{&quot;background_background&quot;:&quot;classic&quot;}\">\n\t\t\t\t\t\t<div class=\"elementor-container elementor-column-gap-no\">\n\t\t\t\t\t<div class=\"elementor-column elementor-col-100 elementor-top-column elementor-element elementor-element-9fa3f9d\" data-id=\"9fa3f9d\" data-element_type=\"column\" data-e-type=\"column\">\n\t\t\t<div class=\"elementor-widget-wrap elementor-element-populated\">\n\t\t\t\t\t\t<div class=\"elementor-element elementor-element-fb3e254 elementor-widget elementor-widget-spacer\" data-id=\"fb3e254\" data-element_type=\"widget\" data-e-type=\"widget\" data-widget_type=\"spacer.default\">\n\t\t\t\t\t\t\t<div class=\"elementor-spacer\">\n\t\t\t<div class=\"elementor-spacer-inner\"><\/div>\n\t\t<\/div>\n\t\t\t\t\t\t<\/div>\n\t\t\t\t<div class=\"elementor-element elementor-element-9070a32 elementor-widget elementor-widget-leroux_core_section_title\" data-id=\"9070a32\" data-element_type=\"widget\" data-e-type=\"widget\" data-widget_type=\"leroux_core_section_title.default\">\n\t\t\t\t<div class=\"elementor-widget-container\">\n\t\t\t\t\t<div class=\"qodef-shortcode qodef-m qodef-section-title qodef-alignment--center\">\n\t\t<h2 class=\"qodef-m-title\" style=\"color: #FFFFFF\">\n\t\t\t\t\tLanguage assistance provider\t\t\t<\/h2>\n\t<\/div>\n\t\t\t\t<\/div>\n\t\t\t\t<\/div>\n\t\t\t\t\t<\/div>\n\t\t<\/div>\n\t\t\t\t\t<\/div>\n\t\t<\/section>\n\t\t\t\t<section class=\"elementor-section elementor-top-section elementor-element elementor-element-ea96cfb elementor-section-full_width elementor-section-height-default elementor-section-height-default\" data-id=\"ea96cfb\" data-element_type=\"section\" data-e-type=\"section\">\n\t\t\t\t\t\t<div class=\"elementor-container elementor-column-gap-no\">\n\t\t\t\t\t<div class=\"elementor-column elementor-col-50 elementor-top-column elementor-element elementor-element-c0edd84\" data-id=\"c0edd84\" data-element_type=\"column\" data-e-type=\"column\" data-settings=\"{&quot;background_background&quot;:&quot;classic&quot;}\">\n\t\t\t<div class=\"elementor-widget-wrap elementor-element-populated\">\n\t\t\t\t\t\t<div class=\"elementor-element elementor-element-c9ea802 elementor-widget elementor-widget-leroux_core_button\" data-id=\"c9ea802\" data-element_type=\"widget\" data-e-type=\"widget\" data-widget_type=\"leroux_core_button.default\">\n\t\t\t\t<div class=\"elementor-widget-container\">\n\t\t\t\t\t<a class=\"qodef-shortcode qodef-m qodef-button qodef-layout--textual qodef-html--link\" href=\"https:\/\/wingstosell.com\/eng\/servicios\/\" target=\"_self\" data-hover-color=\"#253034\" style=\"color: #00B9AC;font-weight: 500\">\n\t<span class=\"qodef-m-text\">All services<\/span>\n    <span class=\"qodef-m-arrow\"><svg class=\"qodef-svg--button-arrow\" xmlns=\"http:\/\/www.w3.org\/2000\/svg\" width=\"10\" height=\"10\" viewbox=\"0 0 9.8 9.8\"><g><path d=\"m.4 9.4 9-9\"\/><path d=\"M.4.5h8.9\"\/><path d=\"M9.3 9.4V.5\"\/><\/g><g><path d=\"m.4 9.4 9-9\"\/><path d=\"M.4.5h8.9\"\/><path d=\"M9.3 9.4V.5\"\/><\/g><\/svg><\/span>\n<\/a>\n\t\t\t\t<\/div>\n\t\t\t\t<\/div>\n\t\t\t\t<section class=\"elementor-section elementor-inner-section elementor-element elementor-element-a086bc3 elementor-section-full_width elementor-section-height-default elementor-section-height-default\" data-id=\"a086bc3\" data-element_type=\"section\" data-e-type=\"section\">\n\t\t\t\t\t\t<div class=\"elementor-container elementor-column-gap-no\">\n\t\t\t\t\t<div class=\"elementor-column elementor-col-100 elementor-inner-column elementor-element elementor-element-290f8c0\" data-id=\"290f8c0\" data-element_type=\"column\" data-e-type=\"column\">\n\t\t\t<div class=\"elementor-widget-wrap elementor-element-populated\">\n\t\t\t\t\t\t<div class=\"elementor-element elementor-element-4a6a229 elementor-widget elementor-widget-leroux_core_section_title\" data-id=\"4a6a229\" data-element_type=\"widget\" data-e-type=\"widget\" data-widget_type=\"leroux_core_section_title.default\">\n\t\t\t\t<div class=\"elementor-widget-container\">\n\t\t\t\t\t<div class=\"qodef-shortcode qodef-m qodef-section-title qodef-alignment--left qodef-title-break--disabled\">\n\t\t<h2 class=\"qodef-m-title\" >\n\t\t\t\t\tWe provide our clients<br \/> translation and interpretation language liaison services\t\t\t<\/h2>\n\t<\/div>\n\t\t\t\t<\/div>\n\t\t\t\t<\/div>\n\t\t\t\t<div class=\"elementor-element elementor-element-de295fd elementor-widget elementor-widget-leroux_core_button\" data-id=\"de295fd\" data-element_type=\"widget\" data-e-type=\"widget\" data-widget_type=\"leroux_core_button.default\">\n\t\t\t\t<div class=\"elementor-widget-container\">\n\t\t\t\t\t<a class=\"qodef-shortcode qodef-m qodef-button qodef-layout--outlined qodef-html--link\" href=\"https:\/\/wingstosell.com\/eng\/contacto\/\" target=\"_self\" data-hover-color=\"#DEEEED\" data-hover-background-color=\"#253034\" data-hover-border-color=\"#253034\" style=\"color: #253034;border-color: #253034;font-weight: 500\">\n\t<span class=\"qodef-m-text\">Get in touch<\/span>\n    <span class=\"qodef-m-arrow\"><svg class=\"qodef-svg--button-arrow\" xmlns=\"http:\/\/www.w3.org\/2000\/svg\" width=\"10\" height=\"10\" viewbox=\"0 0 9.8 9.8\"><g><path d=\"m.4 9.4 9-9\"\/><path d=\"M.4.5h8.9\"\/><path d=\"M9.3 9.4V.5\"\/><\/g><g><path d=\"m.4 9.4 9-9\"\/><path d=\"M.4.5h8.9\"\/><path d=\"M9.3 9.4V.5\"\/><\/g><\/svg><\/span>\n<\/a>\n\t\t\t\t<\/div>\n\t\t\t\t<\/div>\n\t\t\t\t\t<\/div>\n\t\t<\/div>\n\t\t\t\t\t<\/div>\n\t\t<\/section>\n\t\t\t\t\t<\/div>\n\t\t<\/div>\n\t\t\t\t<div class=\"elementor-column elementor-col-50 elementor-top-column elementor-element elementor-element-6875b00\" data-id=\"6875b00\" data-element_type=\"column\" data-e-type=\"column\">\n\t\t\t<div class=\"elementor-widget-wrap elementor-element-populated\">\n\t\t\t\t\t\t<div class=\"elementor-element elementor-element-b88e387 elementor-widget__width-auto elementor-widget elementor-widget-leroux_core_single_image\" data-id=\"b88e387\" data-element_type=\"widget\" data-e-type=\"widget\" data-widget_type=\"leroux_core_single_image.default\">\n\t\t\t\t<div class=\"elementor-widget-container\">\n\t\t\t\t\t<div class=\"qodef-shortcode qodef-m qodef-single-image qodef-layout--default\">\n\t\t\t<div class=\"qodef-m-image\">\n\t\t\t\t\t\t\t\t<img fetchpriority=\"high\" decoding=\"async\" src=\"https:\/\/wingstosell.com\/wp-content\/uploads\/2025\/08\/IMG_0296-scaled-900x600.jpg\" alt=\"\" width=\"900\" height=\"600\" data-ratio=\"1.5\" \/>\t\t\t\t\t\t\t<\/div>\n\t<\/div>\n\t\t\t\t<\/div>\n\t\t\t\t<\/div>\n\t\t\t\t<div class=\"elementor-element elementor-element-feaf2c6 elementor-widget__width-initial elementor-widget elementor-widget-text-editor\" data-id=\"feaf2c6\" data-element_type=\"widget\" data-e-type=\"widget\" data-widget_type=\"text-editor.default\">\n\t\t\t\t\t\t\t\t\t<p><span style=\"font-weight: 400;\">Our extensive network of collaborators can be of great help when it comes to translating or interpreting services for your company.<\/span><\/p>\t\t\t\t\t\t\t\t<\/div>\n\t\t\t\t\t<\/div>\n\t\t<\/div>\n\t\t\t\t\t<\/div>\n\t\t<\/section>\n\t\t\t\t<section class=\"elementor-section elementor-top-section elementor-element elementor-element-a40f8b6 elementor-section-full_width qodef-elementor-content-grid qodef-extended-grid qodef-extended-grid--right qodef-extended-grid-disabled--1024 elementor-section-height-default elementor-section-height-default\" data-id=\"a40f8b6\" data-element_type=\"section\" data-e-type=\"section\" data-settings=\"{&quot;background_background&quot;:&quot;classic&quot;}\">\n\t\t\t\t\t\t<div class=\"elementor-container elementor-column-gap-no\">\n\t\t\t\t\t<div class=\"elementor-column elementor-col-50 elementor-top-column elementor-element elementor-element-7154113\" data-id=\"7154113\" data-element_type=\"column\" data-e-type=\"column\">\n\t\t\t<div class=\"elementor-widget-wrap elementor-element-populated\">\n\t\t\t\t\t\t<div class=\"elementor-element elementor-element-a8cbc8f elementor-widget__width-initial elementor-widget elementor-widget-leroux_core_section_title\" data-id=\"a8cbc8f\" data-element_type=\"widget\" data-e-type=\"widget\" data-widget_type=\"leroux_core_section_title.default\">\n\t\t\t\t<div class=\"elementor-widget-container\">\n\t\t\t\t\t<div class=\"qodef-shortcode qodef-m qodef-section-title qodef-alignment--left qodef-title-break--disabled\">\n\t\t<h2 class=\"qodef-m-title\" style=\"--qodef-title-emphasized-words-color: #00B9AC\">\n\t\t\t\t\tSend us your <span class=\"qodef-special-style\">needs<\/span> and we will do the rest\t\t\t<\/h2>\n\t<\/div>\n\t\t\t\t<\/div>\n\t\t\t\t<\/div>\n\t\t\t\t<div class=\"elementor-element elementor-element-57b62f2 elementor-widget__width-initial elementor-widget elementor-widget-text-editor\" data-id=\"57b62f2\" data-element_type=\"widget\" data-e-type=\"widget\" data-widget_type=\"text-editor.default\">\n\t\t\t\t\t\t\t\t\t<p><span style=\"font-weight: 400;\">Our extensive network of collaborators can be of great help when it comes to translating or interpreting services for your company.<\/span><\/p>\t\t\t\t\t\t\t\t<\/div>\n\t\t\t\t<div class=\"elementor-element elementor-element-004932b elementor-widget elementor-widget-image\" data-id=\"004932b\" data-element_type=\"widget\" data-e-type=\"widget\" data-widget_type=\"image.default\">\n\t\t\t\t\t\t\t\t\t\t\t\t\t\t\t<img decoding=\"async\" src=\"https:\/\/wingstosell.com\/wp-content\/uploads\/elementor\/thumbs\/TRADUCTOR-JURADO-malaga-1-r8u0zxe43sbnvb0l6gfz9rc8v0uj1lik3tlpo9z174.png\" title=\"TRADUCTOR-JURADO-malaga-1\" alt=\"TRADUCTOR-JURADO-malaga-1\" loading=\"lazy\" \/>\t\t\t\t\t\t\t\t\t\t\t\t\t\t\t<\/div>\n\t\t\t\t\t<\/div>\n\t\t<\/div>\n\t\t\t\t<div class=\"elementor-column elementor-col-50 elementor-top-column elementor-element elementor-element-fd30aba\" data-id=\"fd30aba\" data-element_type=\"column\" data-e-type=\"column\">\n\t\t\t<div class=\"elementor-widget-wrap elementor-element-populated\">\n\t\t\t\t\t\t<div class=\"elementor-element elementor-element-3041dd7 elementor-widget__width-auto elementor-widget elementor-widget-leroux_core_single_image\" data-id=\"3041dd7\" data-element_type=\"widget\" data-e-type=\"widget\" data-widget_type=\"leroux_core_single_image.default\">\n\t\t\t\t<div class=\"elementor-widget-container\">\n\t\t\t\t\t<div class=\"qodef-shortcode qodef-m qodef-single-image qodef-layout--default\">\n\t\t\t<div class=\"qodef-m-image\">\n\t\t\t\t\t\t\t\t<img decoding=\"async\" width=\"1920\" height=\"2560\" src=\"https:\/\/wingstosell.com\/wp-content\/uploads\/2025\/08\/IMG_0412-scaled.jpg\" class=\"attachment-full size-full\" alt=\"\" srcset=\"https:\/\/wingstosell.com\/wp-content\/uploads\/2025\/08\/IMG_0412-scaled.jpg 1920w, https:\/\/wingstosell.com\/wp-content\/uploads\/2025\/08\/IMG_0412-225x300.jpg 225w, https:\/\/wingstosell.com\/wp-content\/uploads\/2025\/08\/IMG_0412-768x1024.jpg 768w, https:\/\/wingstosell.com\/wp-content\/uploads\/2025\/08\/IMG_0412-1152x1536.jpg 1152w, https:\/\/wingstosell.com\/wp-content\/uploads\/2025\/08\/IMG_0412-1536x2048.jpg 1536w, https:\/\/wingstosell.com\/wp-content\/uploads\/2025\/08\/IMG_0412-9x12.jpg 9w, https:\/\/wingstosell.com\/wp-content\/uploads\/2025\/08\/IMG_0412-600x800.jpg 600w\" sizes=\"(max-width: 1920px) 100vw, 1920px\" \/>\t\t\t\t\t\t\t<\/div>\n\t<\/div>\n\t\t\t\t<\/div>\n\t\t\t\t<\/div>\n\t\t\t\t\t<\/div>\n\t\t<\/div>\n\t\t\t\t\t<\/div>\n\t\t<\/section>\n\t\t\t\t<\/div>","protected":false},"excerpt":{"rendered":"<p>Traducci\u00f3n e interpretaci\u00f3n Todos los servicios Brindamos a nuestros clientes servicios de enlace ling\u00fc\u00edstico de traducci\u00f3n e interpretaci\u00f3n Hablamos Nuestra extensa red de colaboradores puede ser de gran ayuda a la hora de traducir o realizar servicios de interpretaci\u00f3n para tu empresa. Env\u00edenos sus necesidades y nosotros haremos el resto Nuestra fundadora y directora Marina [&hellip;]<\/p>","protected":false},"author":3,"featured_media":0,"parent":0,"menu_order":0,"comment_status":"closed","ping_status":"closed","template":"page-full-width.php","meta":{"_joinchat":[],"footnotes":""},"class_list":["post-12400","page","type-page","status-publish","hentry"],"_links":{"self":[{"href":"https:\/\/wingstosell.com\/eng\/wp-json\/wp\/v2\/pages\/12400","targetHints":{"allow":["GET"]}}],"collection":[{"href":"https:\/\/wingstosell.com\/eng\/wp-json\/wp\/v2\/pages"}],"about":[{"href":"https:\/\/wingstosell.com\/eng\/wp-json\/wp\/v2\/types\/page"}],"author":[{"embeddable":true,"href":"https:\/\/wingstosell.com\/eng\/wp-json\/wp\/v2\/users\/3"}],"replies":[{"embeddable":true,"href":"https:\/\/wingstosell.com\/eng\/wp-json\/wp\/v2\/comments?post=12400"}],"version-history":[{"count":31,"href":"https:\/\/wingstosell.com\/eng\/wp-json\/wp\/v2\/pages\/12400\/revisions"}],"predecessor-version":[{"id":12610,"href":"https:\/\/wingstosell.com\/eng\/wp-json\/wp\/v2\/pages\/12400\/revisions\/12610"}],"wp:attachment":[{"href":"https:\/\/wingstosell.com\/eng\/wp-json\/wp\/v2\/media?parent=12400"}],"curies":[{"name":"wp","href":"https:\/\/api.w.org\/{rel}","templated":true}]}}